{"id":60,"date":"2015-04-15T10:57:41","date_gmt":"2015-04-15T10:57:41","guid":{"rendered":"http:\/\/welfare.cmsmasters.net\/?page_id=60"},"modified":"2024-08-03T20:45:11","modified_gmt":"2024-08-03T17:45:11","slug":"iletisim","status":"publish","type":"page","link":"https:\/\/www.elitesistem.com\/index.php\/iletisim","title":{"rendered":"\u0130leti\u015fim"},"content":{"rendered":"<div id=\"cmsmasters_row_3c09fe3d81\" class=\"cmsmasters_row cmsmasters_color_scheme_default cmsmasters_row_top_default cmsmasters_row_bot_default cmsmasters_row_fullwidth\">\n<div class=\"cmsmasters_row_outer_parent\">\n<div class=\"cmsmasters_row_outer\">\n<div class=\"cmsmasters_row_inner cmsmasters_row_fullwidth\">\n<div class=\"cmsmasters_row_margin\">\n<div id=\"cmsmasters_column_ca38f5b249\" class=\"cmsmasters_column one_first\">\n<div class=\"cmsmasters_column_inner\"><div class=\"custom_html\">\n<iframe src=\"https:\/\/www.google.com\/maps\/embed?pb=!1m14!1m8!1m3!1d12077.087349298477!2d29.4367214!3d40.8219924!3m2!1i1024!2i768!4f13.1!3m3!1m2!1s0x14cadfd00bf66a9d%3A0xa5c6af96187ba770!2sElite%20Sistem%20Yaz%C4%B1m%20ve%20Web%20Tasar%C4%B1m%20Hizmetleri!5e0!3m2!1str!2str!4v1699650410707!5m2!1str!2str\" width=\"100%\" height=\"350\" style=\"border:0;\" allowfullscreen=\"\" loading=\"lazy\" referrerpolicy=\"no-referrer-when-downgrade\"><\/iframe>\n<\/div>\n<\/div><\/div>\n<\/div>\n<\/div>\n<\/div>\n<\/div>\n<\/div>\n<div id=\"cmsmasters_row_\" class=\"cmsmasters_row cmsmasters_color_scheme_default cmsmasters_row_top_default cmsmasters_row_bot_default cmsmasters_row_boxed\">\n<div class=\"cmsmasters_row_outer_parent\">\n<div class=\"cmsmasters_row_outer\">\n<div class=\"cmsmasters_row_inner\">\n<div class=\"cmsmasters_row_margin\">\n<div id=\"cmsmasters_column_\" class=\"cmsmasters_column one_first\">\n<div class=\"cmsmasters_column_inner\"><div class=\"cmsmasters_text\">\n<p>&nbsp;<\/p>\n<\/div>\n<\/div><\/div>\n<\/div>\n<\/div>\n<\/div>\n<\/div>\n<\/div>\n<div id=\"cmsmasters_row_7f84ee2983\" class=\"cmsmasters_row cmsmasters_color_scheme_default cmsmasters_row_top_default cmsmasters_row_bot_default cmsmasters_row_boxed\">\n<div class=\"cmsmasters_row_outer_parent\">\n<div class=\"cmsmasters_row_outer\">\n<div class=\"cmsmasters_row_inner\">\n<div class=\"cmsmasters_row_margin\">\n<div id=\"cmsmasters_column_4b86539781\" class=\"cmsmasters_column one_half\">\n<div class=\"cmsmasters_column_inner\"><div id=\"cmsmasters_heading_8609248174\" class=\"cmsmasters_heading_wrap cmsmasters_heading_align_left\">\n\t<h2 class=\"cmsmasters_heading\">\u0130leti\u015fim Bilgilerimiz<\/h2>\n<\/div><div class=\"cmsmasters_text\">\n<div class=\"wpb_text_column wpb_content_element \"><\/div>\n<div class=\"wpb_text_column wpb_content_element \">\n<div class=\"wpb_wrapper\">\n<p>\u0130leti\u015fim bilgilerimizden bizlere ula\u015fabilirsiniz k\u0131sa s\u00fcrede bir temsilcimiz sizinle temasa ge\u00e7ecektir.<\/p>\n<\/div>\n<\/div>\n<\/div>\n<div class=\"custom_html\">\n<iframe src=\"https:\/\/www.google.com\/maps\/embed?pb=!1m14!1m8!1m3!1d12077.087349298477!2d29.4367214!3d40.8219924!3m2!1i1024!2i768!4f13.1!3m3!1m2!1s0x14cadfd00bf66a9d%3A0xa5c6af96187ba770!2sElite%20Sistem%20Yaz%C4%B1m%20ve%20Web%20Tasar%C4%B1m%20Hizmetleri!5e0!3m2!1str!2str!4v1699650410707!5m2!1str!2str\" width=\"100%\" height=\"150\" style=\"border:0;\" allowfullscreen=\"\" loading=\"lazy\" referrerpolicy=\"no-referrer-when-downgrade\"><\/iframe>\n<\/div>\n<div id=\"cmsmasters_divider_23318a5532\" class=\"cl\"><\/div>\n<div class=\"cmsmasters_sidebar sidebar_layout_1212\"><aside id=\"custom-contact-info-9\" class=\"widget widget_custom_contact_info_entries\"><h3 class=\"widgettitle\">\u0130stanbul Ofisimiz<\/h3><div class=\"adr adress_wrap cmsmasters_theme_icon_user_address\"><span class=\"street-address contact_widget_address\">Postane \u0130stasyon Mh. Fevzi \u00c7akmak Cd. No:11 Tuzla\/\u0130stanbul<\/span><\/div><span class=\"contact_widget_time cmsmasters_theme_icon_time\"><span class=\"time\">09:00 - 18:30<\/span><\/span><span class=\"contact_widget_email cmsmasters_theme_icon_user_mail\"><a class=\"email\" href=\"mailto:&#105;&#110;%66o&#64;el%69%74&#101;%73%69&#115;%74e&#109;.co%6d\">i&#110;f&#111;&#64;&#101;&#108;ite&#115;i&#115;&#116;em&#46;&#99;&#111;&#109;<\/a><\/span><span class=\"contact_widget_phone cmsmasters_theme_icon_user_phone\"><span class=\"tel\">+90 (262) 606 0 400<\/span><\/span><\/aside><aside id=\"custom-contact-info-10\" class=\"widget widget_custom_contact_info_entries\"><h3 class=\"widgettitle\">Gebze Ofisimiz<\/h3><div class=\"adr adress_wrap cmsmasters_theme_icon_user_address\"><span class=\"street-address contact_widget_address\">Mevlana Mahallesi Soma Maden \u015fehitleri bulvar\u0131 Bina No: 45 Gebze \/ KOCAEL\u0130<\/span><\/div><span class=\"contact_widget_time cmsmasters_theme_icon_time\"><span class=\"time\">09:00 - 18:30<\/span><\/span><span class=\"contact_widget_email cmsmasters_theme_icon_user_mail\"><a class=\"email\" href=\"mailto:%69%6efo&#64;%65&#108;%69&#116;es&#105;s&#116;&#101;&#109;%2e%63o&#109;\">i&#110;fo&#64;&#101;li&#116;es&#105;s&#116;&#101;m.c&#111;m<\/a><\/span><span class=\"contact_widget_phone cmsmasters_theme_icon_user_phone\"><span class=\"tel\">+90 (262) 606 0 600<\/span><\/span><\/aside><div class=\"cl\"><\/div>\n<\/div>\n<div class=\"cmsmasters_sidebar sidebar_layout_1212\"><aside id=\"custom-contact-info-12\" class=\"widget widget_custom_contact_info_entries\"><h3 class=\"widgettitle\">Ankara Fabrika<\/h3><div class=\"adr adress_wrap cmsmasters_theme_icon_user_address\"><span class=\"locality contact_widget_city\">Kahramankazan \/ Ankara<\/span><\/div><span class=\"contact_widget_url cmsmasters_theme_icon_user_website\"><a class=\"url\" href=\"http:\/\/www.elitesistem.com\">www.elitesistem.com<\/a><\/span><span class=\"contact_widget_email cmsmasters_theme_icon_user_mail\"><a class=\"email\" href=\"mailto:&#105;%6e%66&#111;&#64;eli%74%65%73is%74e%6d&#46;&#99;%6fm\">inf&#111;&#64;&#101;&#108;&#105;t&#101;&#115;&#105;&#115;&#116;e&#109;&#46;com<\/a><\/span><span class=\"contact_widget_phone cmsmasters_theme_icon_user_phone\"><span class=\"tel\">0 (312) 911 11 76<\/span><\/span><\/aside><aside id=\"custom-contact-info-11\" class=\"widget widget_custom_contact_info_entries\"><h3 class=\"widgettitle\">\u0130stanbul Fabrika<\/h3><div class=\"adr adress_wrap cmsmasters_theme_icon_user_address\"><span class=\"locality contact_widget_city\">\u00c7ekmek\u00f6y \/ \u0130stanbul<\/span><\/div><span class=\"contact_widget_url cmsmasters_theme_icon_user_website\"><a class=\"url\" href=\"http:\/\/www.elitesistem.com\">www.elitesistem.com<\/a><\/span><span class=\"contact_widget_email cmsmasters_theme_icon_user_mail\"><a class=\"email\" href=\"mailto:in&#102;%6f%40e%6c%69%74%65s%69st&#101;&#109;%2eco&#109;\">i&#110;fo&#64;&#101;&#108;&#105;t&#101;&#115;&#105;&#115;&#116;&#101;&#109;.c&#111;m<\/a><\/span><span class=\"contact_widget_phone cmsmasters_theme_icon_user_phone\"><span class=\"tel\">0 (216) 606 32 62<\/span><\/span><\/aside><div class=\"cl\"><\/div>\n<\/div>\n<\/div><\/div>\n<div id=\"cmsmasters_column_46c1770463\" class=\"cmsmasters_column one_half\">\n<div class=\"cmsmasters_column_inner\"><div id=\"cmsmasters_heading_eb6f5d056d\" class=\"cmsmasters_heading_wrap cmsmasters_heading_align_left\">\n\t<h2 class=\"cmsmasters_heading\">A\u015fa\u011f\u0131daki formu kullanarak bizlere ula\u015fabilirsiniz.<\/h2>\n<\/div>\n<div class=\"cmsmasters_contact_form\">\n<div class=\"wpcf7 no-js\" id=\"wpcf7-f13068-o1\" lang=\"en-US\" dir=\"ltr\" data-wpcf7-id=\"13068\">\n<div class=\"screen-reader-response\"><p role=\"status\" aria-live=\"polite\" aria-atomic=\"true\"><\/p> <ul><\/ul><\/div>\n<form action=\"\/index.php\/wp-json\/wp\/v2\/pages\/60#wpcf7-f13068-o1\" method=\"post\" class=\"wpcf7-form init\" aria-label=\"Contact form\" novalidate=\"novalidate\" data-status=\"init\">\n<fieldset class=\"hidden-fields-container\"><input type=\"hidden\" name=\"_wpcf7\" value=\"13068\" \/><input type=\"hidden\" name=\"_wpcf7_version\" value=\"6.1.5\" \/><input type=\"hidden\" name=\"_wpcf7_locale\" value=\"en_US\" \/><input type=\"hidden\" name=\"_wpcf7_unit_tag\" value=\"wpcf7-f13068-o1\" \/><input type=\"hidden\" name=\"_wpcf7_container_post\" value=\"0\" \/><input type=\"hidden\" name=\"_wpcf7_posted_data_hash\" value=\"\" \/><input type=\"hidden\" name=\"_wpcf7_recaptcha_response\" value=\"\" \/>\n<\/fieldset>\n<div class=\"cmsmasters_row_margin cmsmasters_1212\">\n\t<div class=\"cmsmasters_column one_half\">\n\t\t<p><br \/>\n<span class=\"wpcf7-form-control-wrap\" data-name=\"menu-372\"><select class=\"wpcf7-form-control wpcf7-select\" aria-invalid=\"false\" name=\"menu-372\"><option value=\"Hizmet Se\u00e7imi\">Hizmet Se\u00e7imi<\/option><option value=\"T\u0131r Kantar\u0131\">T\u0131r Kantar\u0131<\/option><option value=\"T\u0131r Kantar\u0131 Servis\">T\u0131r Kantar\u0131 Servis<\/option><option value=\"\u00d6zel Yaz\u0131l\u0131m Geli\u015ftirme\">\u00d6zel Yaz\u0131l\u0131m Geli\u015ftirme<\/option><option value=\"DBA Kantar Program\u0131\">DBA Kantar Program\u0131<\/option><option value=\"\u00c7evre Bakanl\u0131\u011f\u0131 Kantar Program\u0131\">\u00c7evre Bakanl\u0131\u011f\u0131 Kantar Program\u0131<\/option><option value=\"Standart Kantar Program\u0131\">Standart Kantar Program\u0131<\/option><option value=\"Online Kantar Program\u0131\">Online Kantar Program\u0131<\/option><option value=\"Luca Entegre Kantar Program\u0131\">Luca Entegre Kantar Program\u0131<\/option><option value=\"U-ETDS Sistemi\">U-ETDS Sistemi<\/option><option value=\"Di\u011fer Yaz\u0131l\u0131mlar\">Di\u011fer Yaz\u0131l\u0131mlar<\/option><option value=\"Ak\u0131ll\u0131 Devriye Tur Kontrol\">Ak\u0131ll\u0131 Devriye Tur Kontrol<\/option><\/select><\/span>\n\t\t<\/p>\n\t\t<p><br \/>\n<span class=\"wpcf7-form-control-wrap\" data-name=\"your-name\"><input size=\"40\" maxlength=\"400\" class=\"wpcf7-form-control wpcf7-text\" aria-invalid=\"false\" placeholder=\"Ad\u0131n\u0131z\" value=\"\" type=\"text\" name=\"your-name\" \/><\/span>\n\t\t<\/p>\n\t\t<p><br \/>\n<span class=\"wpcf7-form-control-wrap\" data-name=\"your-email\"><input size=\"40\" maxlength=\"400\" class=\"wpcf7-form-control wpcf7-text\" aria-invalid=\"false\" placeholder=\"E-mail\" value=\"\" type=\"text\" name=\"your-email\" \/><\/span>\n\t\t<\/p>\n\t<\/div>\n\t<div class=\"cmsmasters_column one_half\">\n\t\t<p><br \/>\n<span class=\"wpcf7-form-control-wrap\" data-name=\"menu-376\"><select class=\"wpcf7-form-control wpcf7-select\" aria-invalid=\"false\" name=\"menu-376\"><option value=\"Konu\">Konu<\/option><option value=\"Fiyat Teklifi\">Fiyat Teklifi<\/option><option value=\"Destek\">Destek<\/option><option value=\"Lisans Yenileme\">Lisans Yenileme<\/option><option value=\"Yeni Kurulum\">Yeni Kurulum<\/option><option value=\"\u00d6neri\">\u00d6neri<\/option><\/select><\/span>\n\t\t<\/p>\n\t\t<p><br \/>\n<span class=\"wpcf7-form-control-wrap\" data-name=\"phone\"><input size=\"40\" maxlength=\"400\" class=\"wpcf7-form-control wpcf7-tel wpcf7-text wpcf7-validates-as-tel\" aria-invalid=\"false\" placeholder=\"Telefon\" value=\"\" type=\"tel\" name=\"phone\" \/><\/span>\n\t\t<\/p>\n\t<\/div>\n<\/div>\n<div class=\"cmsmasters_row_margin cmsmasters_11\">\n\t<div class=\"cmsmasters_column one_first\">\n\t\t<p><br \/>\n<span class=\"wpcf7-form-control-wrap\" data-name=\"your-message\"><textarea cols=\"40\" rows=\"10\" maxlength=\"2000\" class=\"wpcf7-form-control wpcf7-textarea\" aria-invalid=\"false\" placeholder=\"Mesaj\u0131n\u0131z *\" name=\"your-message\"><\/textarea><\/span>\n\t\t<\/p>\n\t<\/div>\n\t<div class=\"cmsmasters_column one_first\">\n\t\t<p><br \/>\n\t\t<span class=\"wpcf7-form-control-wrap recaptcha\" data-name=\"recaptcha\"><span data-sitekey=\"6LcDzgwpAAAAABp9uM2Y5ZmLwl0EfSEuV5Bz23XP\" class=\"wpcf7-form-control wpcf7-recaptcha g-recaptcha\"><\/span>\r\n<noscript>\r\n\t<div class=\"grecaptcha-noscript\">\r\n\t\t<iframe loading=\"lazy\" src=\"https:\/\/www.google.com\/recaptcha\/api\/fallback?k=6LcDzgwpAAAAABp9uM2Y5ZmLwl0EfSEuV5Bz23XP\" frameborder=\"0\" scrolling=\"no\" width=\"310\" height=\"430\">\r\n\t\t<\/iframe>\r\n\t\t<textarea name=\"g-recaptcha-response\" rows=\"3\" cols=\"40\" placeholder=\"reCaptcha Response Here\">\r\n\t\t<\/textarea>\r\n\t<\/div>\r\n<\/noscript>\r\n<\/span>\n\t\t<\/p>\n\t\t<p><input class=\"wpcf7-form-control wpcf7-submit has-spinner\" type=\"submit\" value=\"Formu G\u00f6nder\" \/>\n\t\t<\/p>\n\t<\/div>\n<\/div><div class=\"wpcf7-response-output\" aria-hidden=\"true\"><\/div>\n<\/form>\n<\/div>\n<\/div>\n<\/div><\/div>\n<\/div>\n<\/div>\n<\/div>\n<\/div>\n<\/div>\n\n","protected":false},"excerpt":{"rendered":"","protected":false},"author":1,"featured_media":0,"parent":0,"menu_order":0,"comment_status":"closed","ping_status":"closed","template":"","meta":{"footnotes":""},"class_list":["post-60","page","type-page","status-publish","hentry"],"_links":{"self":[{"href":"https:\/\/www.elitesistem.com\/index.php\/wp-json\/wp\/v2\/pages\/60","targetHints":{"allow":["GET"]}}],"collection":[{"href":"https:\/\/www.elitesistem.com\/index.php\/wp-json\/wp\/v2\/pages"}],"about":[{"href":"https:\/\/www.elitesistem.com\/index.php\/wp-json\/wp\/v2\/types\/page"}],"author":[{"embeddable":true,"href":"https:\/\/www.elitesistem.com\/index.php\/wp-json\/wp\/v2\/users\/1"}],"replies":[{"embeddable":true,"href":"https:\/\/www.elitesistem.com\/index.php\/wp-json\/wp\/v2\/comments?post=60"}],"version-history":[{"count":6,"href":"https:\/\/www.elitesistem.com\/index.php\/wp-json\/wp\/v2\/pages\/60\/revisions"}],"predecessor-version":[{"id":15394,"href":"https:\/\/www.elitesistem.com\/index.php\/wp-json\/wp\/v2\/pages\/60\/revisions\/15394"}],"wp:attachment":[{"href":"https:\/\/www.elitesistem.com\/index.php\/wp-json\/wp\/v2\/media?parent=60"}],"curies":[{"name":"wp","href":"https:\/\/api.w.org\/{rel}","templated":true}]}}