{"id":15751,"date":"2025-04-10T23:25:03","date_gmt":"2025-04-10T20:25:03","guid":{"rendered":"https:\/\/www.elitesistem.com\/?page_id=15751"},"modified":"2025-04-11T21:58:38","modified_gmt":"2025-04-11T18:58:38","slug":"banka-hesap-bilgilerimiz","status":"publish","type":"page","link":"https:\/\/www.elitesistem.com\/index.php\/banka-hesap-bilgilerimiz","title":{"rendered":"Banka Hesap Bilgilerimiz"},"content":{"rendered":"<div id=\"cmsmasters_row_na1148swr\" class=\"cmsmasters_row cmsmasters_color_scheme_default cmsmasters_row_top_default cmsmasters_row_bot_default cmsmasters_row_boxed\">\n<div class=\"cmsmasters_row_outer_parent\">\n<div class=\"cmsmasters_row_outer\">\n<div class=\"cmsmasters_row_inner\">\n<div class=\"cmsmasters_row_margin\">\n<div id=\"cmsmasters_column_901f4646bb\" class=\"cmsmasters_column one_first\">\n<div class=\"cmsmasters_column_inner\">\n<div id=\"cmsmasters_divider_oevjx3xdp\" class=\"cmsmasters_divider cmsmasters_divider_width_long cmsmasters_divider_pos_center\"><\/div>\n<div id=\"cmsmasters_heading_wj5085od7d\" class=\"cmsmasters_heading_wrap cmsmasters_heading_align_left\">\n\t<h2 class=\"cmsmasters_heading cmsmasters-icon-bank\">Banka Hesap Bilgilerimiz<\/h2>\n<\/div><div class=\"cmsmasters_wrap_table\"><table class=\"cmsmasters_table\"><caption><\/caption><thead><tr class=\"cmsmasters_table_row_header\"><th class=\"cmsmasters_table_cell_alignleft\">HESAP ADI<\/th><th class=\"cmsmasters_table_cell_alignleft\">ERDO\u011eAN \u00d6ZKAYA<\/th><\/tr><\/thead><tr><td class=\"cmsmasters_table_cell_alignleft\">GARANT\u0130 <\/td><td class=\"cmsmasters_table_cell_alignleft\">TR73 0006 2001 3450 0006 6508 59<\/td><\/tr><tr><td class=\"cmsmasters_table_cell_alignleft\">YAPI KRED\u0130<\/td><td class=\"cmsmasters_table_cell_alignleft\">TR82 0006 7010 0000 0034 9204 65<\/td><\/tr><tr><td class=\"cmsmasters_table_cell_alignleft\">ENPARA<\/td><td class=\"cmsmasters_table_cell_alignleft\">TR51 0011 1000 0000 0101 2529 43<\/td><\/tr><tr><td class=\"cmsmasters_table_cell_alignleft\">DEN\u0130Z <\/td><td class=\"cmsmasters_table_cell_alignleft\">TR53 0013 4000 0243 5453 3000 01<\/td><\/tr><tr><td class=\"cmsmasters_table_cell_alignleft\">TEB <\/td><td class=\"cmsmasters_table_cell_alignleft\">TR85 0003 2000 0000 0138 4184 58<\/td><\/tr><tr><td class=\"cmsmasters_table_cell_alignleft\">AKBANK<\/td><td class=\"cmsmasters_table_cell_alignleft\">TR18 0004 6012 3588 8000 0121 74<\/td><\/tr><tr><td class=\"cmsmasters_table_cell_alignleft\">Z\u0130RAAT <\/td><td class=\"cmsmasters_table_cell_alignleft\">TR39 0001 0021 7458 3904 2650 01<\/td><\/tr><\/table><\/div><div id=\"cmsmasters_heading_zr0ji6s7y\" class=\"cmsmasters_heading_wrap cmsmasters_heading_align_left\">\n\t<h2 class=\"cmsmasters_heading cmsmasters-icon-help-2\">Havale &amp; EFT Bilgileri<\/h2>\n<\/div>\n<div id=\"cmsmasters_divider_3ecwsw8cv\" class=\"cmsmasters_divider cmsmasters_divider_width_long cmsmasters_divider_pos_center\"><\/div>\n<\/div><\/div>\n<\/div>\n<\/div>\n<\/div>\n<\/div>\n<\/div>\n<div id=\"cmsmasters_row_n7cs0g8u9\" class=\"cmsmasters_row cmsmasters_color_scheme_default cmsmasters_row_top_default cmsmasters_row_bot_default cmsmasters_row_boxed\">\n<div class=\"cmsmasters_row_outer_parent\">\n<div class=\"cmsmasters_row_outer\">\n<div class=\"cmsmasters_row_inner\">\n<div class=\"cmsmasters_row_margin\">\n<div id=\"cmsmasters_column_4a2d892c3a\" class=\"cmsmasters_column one_first\">\n<div class=\"cmsmasters_column_inner\"><div class=\"cmsmasters_text\">\n<p>Sipari\u015finizi havale ile \u00f6demek isterseniz, \u00f6deme se\u00e7eneklerinde havale butonunu t\u0131klaman\u0131z yeterli olacakt\u0131r. Sipari\u015finizi tamamlad\u0131ktan ve tutar\u0131 yukar\u0131daki belirtilen banka hesap numaras\u0131na yat\u0131rd\u0131ktan sonra l\u00fctfen bizi e-mail ile bilgilendiriniz. Sipari\u015finizin bir an \u00f6nce i\u015fleme al\u0131nabilmesini istiyorsan\u0131z dekont bilgisine s\u00f6zle\u015fme veya sipari\u015f numaran\u0131z\u0131 yazarak info@elitesistem.com e-posta adresine g\u00f6ndermenizi rica ederiz.<\/p>\n<p>Havale ile yapt\u0131\u011f\u0131n\u0131z al\u0131\u015fveri\u015flerde, teslimat s\u00fcresinin ba\u015flang\u0131c\u0131 ilgili sipari\u015f tutar\u0131n\u0131n hesaplar\u0131m\u0131za yans\u0131d\u0131\u011f\u0131 and\u0131r.<\/p>\n<\/div>\n<\/div><\/div>\n<\/div>\n<\/div>\n<\/div>\n<\/div>\n<\/div>\n<div id=\"cmsmasters_row_jgrk1liglf\" class=\"cmsmasters_row cmsmasters_color_scheme_default cmsmasters_row_top_default cmsmasters_row_bot_default cmsmasters_row_boxed\">\n<div class=\"cmsmasters_row_outer_parent\">\n<div class=\"cmsmasters_row_outer\">\n<div class=\"cmsmasters_row_inner\">\n<div class=\"cmsmasters_row_margin\">\n<div id=\"cmsmasters_column_f2f5163d2d\" class=\"cmsmasters_column one_first\">\n<div class=\"cmsmasters_column_inner\">\n<div id=\"cmsmasters_divider_izfvptrzjm\" class=\"cmsmasters_divider cmsmasters_divider_width_long cmsmasters_divider_pos_center\"><\/div>\n<div id=\"cmsmasters_heading_b0vlsixpkc\" class=\"cmsmasters_heading_wrap cmsmasters_heading_align_left\">\n\t<h2 class=\"cmsmasters_heading\">Bildirim Formu<\/h2>\n<\/div><div id=\"cmsmasters_heading_d7a6eghhcn\" class=\"cmsmasters_heading_wrap cmsmasters_heading_align_left\">\n\t<h2 class=\"cmsmasters_heading\">A\u015fa\u011f\u0131daki Formu Doldurarak Talepte Bulunabilirsiniz.<\/h2>\n<\/div>\n<div class=\"cmsmasters_contact_form\" data-animation=\"fadeIn\" data-delay=\"0\">\n<div class=\"wpcf7 no-js\" id=\"wpcf7-f5-o1\" lang=\"tr-TR\" dir=\"ltr\" data-wpcf7-id=\"5\">\n<div class=\"screen-reader-response\"><p role=\"status\" aria-live=\"polite\" aria-atomic=\"true\"><\/p> <ul><\/ul><\/div>\n<form action=\"\/index.php\/wp-json\/wp\/v2\/pages\/15751#wpcf7-f5-o1\" method=\"post\" class=\"wpcf7-form init\" aria-label=\"\u0130leti\u015fim Formu\" novalidate=\"novalidate\" data-status=\"init\">\n<fieldset class=\"hidden-fields-container\"><input type=\"hidden\" name=\"_wpcf7\" value=\"5\" \/><input type=\"hidden\" name=\"_wpcf7_version\" value=\"6.1.5\" \/><input type=\"hidden\" name=\"_wpcf7_locale\" value=\"tr_TR\" \/><input type=\"hidden\" name=\"_wpcf7_unit_tag\" value=\"wpcf7-f5-o1\" \/><input type=\"hidden\" name=\"_wpcf7_container_post\" value=\"0\" \/><input type=\"hidden\" name=\"_wpcf7_posted_data_hash\" value=\"\" \/><input type=\"hidden\" name=\"_wpcf7_recaptcha_response\" value=\"\" \/>\n<\/fieldset>\n<p><label> Ad\u0131n\u0131z<br \/>\n<span class=\"wpcf7-form-control-wrap\" data-name=\"your-name\"><input size=\"40\" maxlength=\"400\" class=\"wpcf7-form-control wpcf7-text wpcf7-validates-as-required\" autocomplete=\"name\" aria-required=\"true\" aria-invalid=\"false\" value=\"\" type=\"text\" name=\"your-name\" \/><\/span> <\/label>\n<\/p>\n<p><label> E-posta adresiniz<br \/>\n<span class=\"wpcf7-form-control-wrap\" data-name=\"your-email\"><input size=\"40\" maxlength=\"400\" class=\"wpcf7-form-control wpcf7-email wpcf7-validates-as-required wpcf7-text wpcf7-validates-as-email\" autocomplete=\"email\" aria-required=\"true\" aria-invalid=\"false\" value=\"\" type=\"email\" name=\"your-email\" \/><\/span> <\/label>\n<\/p>\n<p><label> Konu<br \/>\n<span class=\"wpcf7-form-control-wrap\" data-name=\"your-subject\"><input size=\"40\" maxlength=\"400\" class=\"wpcf7-form-control wpcf7-text wpcf7-validates-as-required\" aria-required=\"true\" aria-invalid=\"false\" value=\"\" type=\"text\" name=\"your-subject\" \/><\/span> <\/label>\n<\/p>\n<p><label> \u0130letiniz (tercihe ba\u011fl\u0131)<br \/>\n<span class=\"wpcf7-form-control-wrap\" data-name=\"your-message\"><textarea cols=\"40\" rows=\"10\" maxlength=\"2000\" class=\"wpcf7-form-control wpcf7-textarea\" aria-invalid=\"false\" name=\"your-message\"><\/textarea><\/span> <\/label><br \/>\n<span class=\"wpcf7-form-control-wrap recaptcha\" data-name=\"recaptcha\"><span data-sitekey=\"6LcDzgwpAAAAABp9uM2Y5ZmLwl0EfSEuV5Bz23XP\" class=\"wpcf7-form-control wpcf7-recaptcha g-recaptcha\"><\/span>\r\n<noscript>\r\n\t<div class=\"grecaptcha-noscript\">\r\n\t\t<iframe loading=\"lazy\" src=\"https:\/\/www.google.com\/recaptcha\/api\/fallback?k=6LcDzgwpAAAAABp9uM2Y5ZmLwl0EfSEuV5Bz23XP\" frameborder=\"0\" scrolling=\"no\" width=\"310\" height=\"430\">\r\n\t\t<\/iframe>\r\n\t\t<textarea name=\"g-recaptcha-response\" rows=\"3\" cols=\"40\" placeholder=\"reCaptcha Response Here\">\r\n\t\t<\/textarea>\r\n\t<\/div>\r\n<\/noscript>\r\n<\/span><br \/>\n<input class=\"wpcf7-form-control wpcf7-submit has-spinner\" type=\"submit\" value=\"G\u00f6nder\" \/>\n<\/p><div class=\"wpcf7-response-output\" aria-hidden=\"true\"><\/div>\n<\/form>\n<\/div>\n<\/div>\n<\/div><\/div>\n<\/div>\n<\/div>\n<\/div>\n<\/div>\n<\/div>\n\n","protected":false},"excerpt":{"rendered":"","protected":false},"author":1,"featured_media":0,"parent":0,"menu_order":0,"comment_status":"closed","ping_status":"closed","template":"","meta":{"footnotes":""},"class_list":["post-15751","page","type-page","status-publish","hentry"],"_links":{"self":[{"href":"https:\/\/www.elitesistem.com\/index.php\/wp-json\/wp\/v2\/pages\/15751","targetHints":{"allow":["GET"]}}],"collection":[{"href":"https:\/\/www.elitesistem.com\/index.php\/wp-json\/wp\/v2\/pages"}],"about":[{"href":"https:\/\/www.elitesistem.com\/index.php\/wp-json\/wp\/v2\/types\/page"}],"author":[{"embeddable":true,"href":"https:\/\/www.elitesistem.com\/index.php\/wp-json\/wp\/v2\/users\/1"}],"replies":[{"embeddable":true,"href":"https:\/\/www.elitesistem.com\/index.php\/wp-json\/wp\/v2\/comments?post=15751"}],"version-history":[{"count":7,"href":"https:\/\/www.elitesistem.com\/index.php\/wp-json\/wp\/v2\/pages\/15751\/revisions"}],"predecessor-version":[{"id":15758,"href":"https:\/\/www.elitesistem.com\/index.php\/wp-json\/wp\/v2\/pages\/15751\/revisions\/15758"}],"wp:attachment":[{"href":"https:\/\/www.elitesistem.com\/index.php\/wp-json\/wp\/v2\/media?parent=15751"}],"curies":[{"name":"wp","href":"https:\/\/api.w.org\/{rel}","templated":true}]}}