{"id":14089,"date":"2023-11-11T02:10:30","date_gmt":"2023-11-10T23:10:30","guid":{"rendered":"https:\/\/www.elitesistem.com\/?page_id=14089"},"modified":"2023-11-11T02:12:45","modified_gmt":"2023-11-10T23:12:45","slug":"u-etds-sistemi-ulastirma-bakanligi","status":"publish","type":"page","link":"https:\/\/www.elitesistem.com\/index.php\/u-etds-sistemi-ulastirma-bakanligi","title":{"rendered":"U-ETDS Sistemi Ula\u015ft\u0131rma Bakanl\u0131\u011f\u0131"},"content":{"rendered":"<div id=\"cmsmasters_row_5n1jpyq7ve\" class=\"cmsmasters_row cmsmasters_color_scheme_default cmsmasters_row_top_default cmsmasters_row_bot_default cmsmasters_row_boxed\">\n<div class=\"cmsmasters_row_outer_parent\">\n<div class=\"cmsmasters_row_outer\">\n<div class=\"cmsmasters_row_inner\">\n<div class=\"cmsmasters_row_margin\">\n<div id=\"cmsmasters_column_901f4646bb\" class=\"cmsmasters_column one_first\">\n<div class=\"cmsmasters_column_inner\"><div class=\"cmsmasters_img  cmsmasters_image_l with_caption\"><img decoding=\"async\" src=\"https:\/\/www.elitesistem.com\/wp-content\/uploads\/2023\/11\/U-ETDS-bilgi-sistemi-1-1024x546-1.jpg\" alt=\"U-ETDS \u2013 Ula\u015ft\u0131rma Elektronik Takip ve Denetim Sistemi \u00c7\u00f6z\u00fcmlerimiz\" \/><p class=\"cmsmasters_img_caption\">U-ETDS \u2013 Ula\u015ft\u0131rma Elektronik Takip ve Denetim Sistemi \u00c7\u00f6z\u00fcmlerimiz<\/p><\/div>\n<div id=\"cmsmasters_divider_2lm6ufzh7\" class=\"cmsmasters_divider cmsmasters_divider_width_long cmsmasters_divider_pos_center\"><\/div>\n<div id=\"cmsmasters_gallery_o939cn3idn\" class=\"cmsmasters_gallery_wrap\" data-type=\"grid\" data-count=\"0\"><ul class=\"cmsmasters_gallery cmsmasters_4 cmsmasters_more_items_loader\"><li class=\"cmsmasters_gallery_item cmsmasters_caption\"><figure><a href=\"https:\/\/www.elitesistem.com\/wp-content\/uploads\/2023\/11\/U-ETDS-bilgi-sistemi-1-1024x546-2.jpg\" rel=\"ilightbox[o939cn3idn]\"><img loading=\"lazy\" decoding=\"async\" width=\"1024\" height=\"546\" src=\"https:\/\/www.elitesistem.com\/wp-content\/uploads\/2023\/11\/U-ETDS-bilgi-sistemi-1-1024x546-2.jpg\" class=\"attachment-full size-full\" alt=\"U-ETDS \u2013 Ula\u015ft\u0131rma Elektronik Takip ve Denetim Sistemi \u00c7\u00f6z\u00fcmlerimiz\" srcset=\"https:\/\/www.elitesistem.com\/wp-content\/uploads\/2023\/11\/U-ETDS-bilgi-sistemi-1-1024x546-2.jpg 1024w, https:\/\/www.elitesistem.com\/wp-content\/uploads\/2023\/11\/U-ETDS-bilgi-sistemi-1-1024x546-2-600x320.jpg 600w, https:\/\/www.elitesistem.com\/wp-content\/uploads\/2023\/11\/U-ETDS-bilgi-sistemi-1-1024x546-2-300x160.jpg 300w, https:\/\/www.elitesistem.com\/wp-content\/uploads\/2023\/11\/U-ETDS-bilgi-sistemi-1-1024x546-2-768x410.jpg 768w, https:\/\/www.elitesistem.com\/wp-content\/uploads\/2023\/11\/U-ETDS-bilgi-sistemi-1-1024x546-2-580x309.jpg 580w, https:\/\/www.elitesistem.com\/wp-content\/uploads\/2023\/11\/U-ETDS-bilgi-sistemi-1-1024x546-2-860x459.jpg 860w\" sizes=\"auto, (max-width: 1024px) 100vw, 1024px\" \/><\/a><figcaption>U-ETDS \u2013 Ula\u015ft\u0131rma Elektronik Takip ve Denetim Sistemi \u00c7\u00f6z\u00fcmlerimiz<\/figcaption><\/figure><\/li><li class=\"cmsmasters_gallery_item cmsmasters_caption\"><figure><a href=\"https:\/\/www.elitesistem.com\/wp-content\/uploads\/2023\/11\/U-ETDS-bilgi-sistemi-2-1024x546-1.jpg\" rel=\"ilightbox[o939cn3idn]\"><img loading=\"lazy\" decoding=\"async\" width=\"1024\" height=\"546\" src=\"https:\/\/www.elitesistem.com\/wp-content\/uploads\/2023\/11\/U-ETDS-bilgi-sistemi-2-1024x546-1.jpg\" class=\"attachment-full size-full\" alt=\"U-ETDS \u2013 Ula\u015ft\u0131rma Elektronik Takip ve Denetim Sistemi \u00c7\u00f6z\u00fcmlerimiz\" srcset=\"https:\/\/www.elitesistem.com\/wp-content\/uploads\/2023\/11\/U-ETDS-bilgi-sistemi-2-1024x546-1.jpg 1024w, https:\/\/www.elitesistem.com\/wp-content\/uploads\/2023\/11\/U-ETDS-bilgi-sistemi-2-1024x546-1-600x320.jpg 600w, https:\/\/www.elitesistem.com\/wp-content\/uploads\/2023\/11\/U-ETDS-bilgi-sistemi-2-1024x546-1-300x160.jpg 300w, https:\/\/www.elitesistem.com\/wp-content\/uploads\/2023\/11\/U-ETDS-bilgi-sistemi-2-1024x546-1-768x410.jpg 768w, https:\/\/www.elitesistem.com\/wp-content\/uploads\/2023\/11\/U-ETDS-bilgi-sistemi-2-1024x546-1-580x309.jpg 580w, https:\/\/www.elitesistem.com\/wp-content\/uploads\/2023\/11\/U-ETDS-bilgi-sistemi-2-1024x546-1-860x459.jpg 860w\" sizes=\"auto, (max-width: 1024px) 100vw, 1024px\" \/><\/a><figcaption>U-ETDS \u2013 Ula\u015ft\u0131rma Elektronik Takip ve Denetim Sistemi \u00c7\u00f6z\u00fcmlerimiz<\/figcaption><\/figure><\/li><\/ul><\/div><div id=\"cmsmasters_heading_8e5wb9ssq6\" class=\"cmsmasters_heading_wrap cmsmasters_heading_align_left\">\n\t<h2 class=\"cmsmasters_heading cmsmasters-icon-help-2\">U-ETDS \u2013 Ula\u015ft\u0131rma Elektronik Takip ve Denetim Sistemi \u00c7\u00f6z\u00fcmlerimiz<\/h2>\n<\/div><div class=\"cmsmasters_text\">\n<div>\n<div><strong>Mevzuat<\/strong><\/div>\n<div>Ula\u015ft\u0131rma Elektronik Takip ve Denetim Sistemi (<strong><a href=\"http:\/\/www.elitesistem.com\/index.php\/u-etds-sistemi-ulastirma-bakanligi\">U-ETDS<\/a><\/strong>), ilk olarak 08.01.2018 tarih ve 30295 say\u0131l\u0131 Resmi Gazete\u2019de yay\u0131mlanarak y\u00fcr\u00fcrl\u00fc\u011fe giren Karayolu Ta\u015f\u0131ma Y\u00f6netmeli\u011fi (<a href=\"http:\/\/www.elitesistem.com\/index.php\/u-etds-sistemi-ulastirma-bakanligi\">KTY<\/a>) ile tan\u0131mlanm\u0131\u015ft\u0131r.<\/div>\n<\/div>\n<div>\n<div><\/div>\n<div>\n<div><strong><a href=\"http:\/\/www.elitesistem.com\/index.php\/u-etds-sistemi-ulastirma-bakanligi\">U-ETDS<\/a>\u00a0<\/strong>sistemi, 4925 say\u0131l\u0131 Karayolu Ta\u015f\u0131ma Kanunu (KTK) ve KTY \u00e7er\u00e7evesinde ta\u015f\u0131mac\u0131l\u0131k faaliyetinde bulunan firmalar\u0131n ta\u015f\u0131d\u0131klar\u0131 e\u015fya, kargo ve yolcu hareketlerinin elektronik olarak ger\u00e7ek zamanl\u0131 takibi, de\u011ferlendirilmesi ve denetimi imkanlar\u0131n\u0131n sa\u011flanaca\u011f\u0131 bir sistemdir.<\/div>\n<div><\/div>\n<div><a title=\"U-ETDS Sistemi\" href=\"http:\/\/www.elitesistem.com\/index.php\/u-etds-sistemi-ulastirma-bakanligi\"><b>U-ETDS\u00a0Sistemi\u00a0<\/b><\/a>en kolay ve g\u00fcvenilir bir \u015fekilde kullanabilece\u011finiz yaz\u0131l\u0131m\u0131m\u0131z ile bildirimlerinizi kolayca yapabilirsiniz.<\/div>\n<\/div>\n<\/div>\n<\/div>\n<div id=\"cmsmasters_divider_x73lfj9kn8\" class=\"cmsmasters_divider cmsmasters_divider_width_long cmsmasters_divider_pos_center\"><\/div>\n<\/div><\/div>\n<\/div>\n<\/div>\n<\/div>\n<\/div>\n<\/div>\n<div id=\"cmsmasters_row_4nl6kfj6j\" class=\"cmsmasters_row cmsmasters_color_scheme_default cmsmasters_row_top_default cmsmasters_row_bot_default cmsmasters_row_boxed\">\n<div class=\"cmsmasters_row_outer_parent\">\n<div class=\"cmsmasters_row_outer\">\n<div class=\"cmsmasters_row_inner\">\n<div class=\"cmsmasters_row_margin\">\n<div id=\"cmsmasters_column_4a2d892c3a\" class=\"cmsmasters_column one_first\">\n<div class=\"cmsmasters_column_inner\"><div id=\"cmsmasters_heading_qio7z64qp\" class=\"cmsmasters_heading_wrap cmsmasters_heading_align_left\">\n\t<h2 class=\"cmsmasters_heading cmsmasters-icon-help-2\">Neden Program Kullanmal\u0131y\u0131m ?<\/h2>\n<\/div><div class=\"cmsmasters_text\">\n<ul class=\"elementor-icon-list-items\">\n<li class=\"elementor-icon-list-item\"><span class=\"elementor-icon-list-text\">E-Devlet \u015eifrenizi Kimseye Vermek Zorunda Kalmazsn\u0131z !<\/span><\/li>\n<li class=\"elementor-icon-list-item\"><i class=\"fas fa-check\" aria-hidden=\"true\"><\/i><span class=\"elementor-icon-list-text\">S\u00fcrekli Firma Kayd\u0131 Yapmak Zorunda Kalmazs\u0131n\u0131z !<\/span><\/li>\n<li class=\"elementor-icon-list-item\"><i class=\"fas fa-check\" aria-hidden=\"true\"><\/i><span class=\"elementor-icon-list-text\">S\u00fcrekli Al\u0131c\u0131 Firma Kayd\u0131 Yapmak Zorunda Kalmazs\u0131n\u0131z !<\/span><\/li>\n<li class=\"elementor-icon-list-item\"><i class=\"fas fa-check\" aria-hidden=\"true\"><\/i><span class=\"elementor-icon-list-text\">S\u00fcrekli \u015e\u00f6f\u00f6r Kayd\u0131 Yapmak Zorunda Kalmazs\u0131n\u0131z !<\/span><\/li>\n<li class=\"elementor-icon-list-item\"><i class=\"fas fa-check\" aria-hidden=\"true\"><\/i><span class=\"elementor-icon-list-text\">Kolay Kullan\u0131m\u0131 \u0130le Kolayca Bildirim Yapabilirsiniz !<\/span><\/li>\n<li class=\"elementor-icon-list-item\"><i class=\"fas fa-check\" aria-hidden=\"true\"><\/i><span class=\"elementor-icon-list-text\">UAB Bakanl\u0131k Alt Yap\u0131s\u0131 Ile Uyumlu !<\/span><\/li>\n<li class=\"elementor-icon-list-item\"><i class=\"fas fa-check\" aria-hidden=\"true\"><\/i><span class=\"elementor-icon-list-text\">Kolay Rapolarma H\u0131zl\u0131 D\u00f6k\u00fcman !<\/span><\/li>\n<li class=\"elementor-icon-list-item\"><i class=\"fas fa-check\" aria-hidden=\"true\"><\/i><span class=\"elementor-icon-list-text\">Hatal\u0131 Bildirimlerin Kendi Kriterinize G\u00f6re \u00d6nlenmesi !<\/span><\/li>\n<li class=\"elementor-icon-list-item\"><i class=\"fas fa-check\" aria-hidden=\"true\"><\/i><span class=\"elementor-icon-list-text\">7\/24 Saat H\u0131zl\u0131 Destek<\/span><\/li>\n<\/ul>\n<\/div>\n<div id=\"cmsmasters_heading_06bvj3gk5\" class=\"cmsmasters_heading_wrap cmsmasters_heading_align_left\">\n\t<h2 class=\"cmsmasters_heading cmsmasters-icon-help-2\">U-ETDS Nedir?<\/h2>\n<\/div><div class=\"cmsmasters_text\">\n<ul>\n<li>Ula\u015ft\u0131rma Elektronik Takip ve Denetim Sistemi (U-ETDS), ilk olarak 08.01.2018 tarih ve 30295 say\u0131l\u0131 Resmi Gazete\u2019de yay\u0131mlanarak y\u00fcr\u00fcrl\u00fc\u011fe giren Karayolu Ta\u015f\u0131ma Y\u00f6netmeli\u011fi (KTY) ile tan\u0131mlanm\u0131\u015ft\u0131r.<\/li>\n<\/ul>\n<p>&nbsp;<\/p>\n<ul>\n<li>U-ETDS sistemi, 4925 say\u0131l\u0131 Karayolu Ta\u015f\u0131ma Kanunu (KTK) ve KTY \u00e7er\u00e7evesinde ta\u015f\u0131mac\u0131l\u0131k faaliyetinde bulunan firmalar\u0131n ta\u015f\u0131d\u0131klar\u0131 e\u015fya, kargo ve yolcu hareketlerinin elektronik olarak ger\u00e7ek zamanl\u0131 takibi, de\u011ferlendirilmesi ve denetimi imkanlar\u0131n\u0131n sa\u011flanaca\u011f\u0131 bir sistemdir.<\/li>\n<\/ul>\n<\/div>\n<div id=\"cmsmasters_divider_4fknehnbfz\" class=\"cmsmasters_divider cmsmasters_divider_width_long cmsmasters_divider_pos_center\"><\/div>\n<div class=\"cmsmasters_text\">\n<ul>\n<li><strong><a title=\"U-ETDS\" href=\"http:\/\/www.elitesistem.com\/index.php\/u-etds-sistemi-ulastirma-bakanligi\">U-ETDS<\/a>\u00a0<a title=\"E\u015fya\" href=\"http:\/\/www.elitesistem.com\/index.php\/u-etds-sistemi-ulastirma-bakanligi\">E\u015fya<\/a>\u00a0<a href=\"http:\/\/www.elitesistem.com\/index.php\/u-etds-sistemi-ulastirma-bakanligi\">Ta\u015f\u0131mac\u0131l\u0131\u011f\u0131\u00a0<\/a><\/strong><em><strong><a title=\"u etds sistemi ne zaman ba\u015flayacak\" href=\"http:\/\/www.elitesistem.com\/index.php\/u-etds-sistemi-ulastirma-bakanligi\">u etds sistemi ne zaman ba\u015flayacak<\/a><\/strong><\/em>\u00a0? 31.12.2019 tarihinden itibaren bildirimlerin yap\u0131lmas\u0131 gerekmektedir.<a title=\"Ula\u015ft\u0131rma Bakanl\u0131\u011f\u0131\" href=\"http:\/\/www.elitesistem.com\/index.php\/u-etds-sistemi-ulastirma-bakanligi\">Ula\u015ft\u0131rma Bakanl\u0131\u011f\u0131<\/a>\u00a0taraf\u0131ndan zorunluluk haline gelen U-ETDS, yolcu ve y\u00fck ta\u015f\u0131mac\u0131l\u0131\u011f\u0131 yapan firmalar ad\u0131na g\u00fcvenli \u015fekilde \u00e7al\u0131\u015fmalar ger\u00e7ekle\u015ftirilmesine olanak vermektedir. Bu sistem dahilinde \u00f6zel olarak de\u011ferlendirilen\u00a0<a title=\"u-etds giri\u015f\" href=\"http:\/\/www.elitesistem.com\/index.php\/u-etds-sistemi-ulastirma-bakanligi\"><b>u-etds giri\u015f<\/b><\/a>\u00a0<a title=\"program\" href=\"http:\/\/www.elitesistem.com\/index.php\/u-etds-sistemi-ulastirma-bakanligi\"><strong>program<\/strong><\/a>, \u00f6zellikle elektronik takip ve denetleme sistemi olarak e\u015fyalar konusundaki t\u00fcm kay\u0131tlar\u0131 detayl\u0131 \u015fekilde ele almaktad\u0131r. Hizmet anlay\u0131\u015f\u0131m\u0131z do\u011frultusunda sizlere sundu\u011fumuz\u00a0<a title=\"u-etds giri\u015f\" href=\"http:\/\/www.elitesistem.com\/index.php\/u-etds-sistemi-ulastirma-bakanligi\"><b>u-etds giri\u015f<\/b><\/a><a title=\"e\u015fya ta\u015f\u0131mac\u0131l\u0131\u011f\u0131\" href=\"http:\/\/www.elitesistem.com\/index.php\/u-etds-sistemi-ulastirma-bakanligi\"><strong>\u00a0e\u015fya ta\u015f\u0131mac\u0131l\u0131\u011f\u0131<\/strong><\/a>\u00a0program\u0131 konusunda bize g\u00fcvenebilirsiniz. Denetlenebilir ve kontrol edebilir\u00a0<strong><a title=\"u-etds sistemi giri\u015f\" href=\"http:\/\/www.elitesistem.com\/index.php\/u-etds-sistemi-ulastirma-bakanligi\">u-etds sistemi giri\u015f<\/a><\/strong>\u00a0sayesinde y\u00fckler \u00e7ok daha g\u00fcvenli \u015fekilde ula\u015f\u0131m imkan\u0131 elde etmektedir.<strong>Farkl\u0131 Yetki Belgeleriyle\u00a0<a title=\"U-ETDS\" href=\"http:\/\/www.elitesistem.com\/index.php\/u-etds-sistemi-ulastirma-bakanligi\">U-ETDS<\/a>\u00a0E\u015fya Ta\u015f\u0131mac\u0131l\u0131\u011f\u0131<\/strong>\n<p>Yolcu ve y\u00fck ta\u015f\u0131ma i\u015flemi ger\u00e7ekle\u015ftiren t\u00fcm firmalar i\u00e7in Ula\u015ft\u0131rma Bakanl\u0131\u011f\u0131 nezdinde U-ETDS bir mecburiyet haline geldi. Tabii yolcu ve y\u00fck ta\u015f\u0131mac\u0131l\u0131\u011f\u0131 konusunda bu i\u015flemlerin yap\u0131labilmesi i\u00e7in farkl\u0131 yetki belgeleri bulunuyor.<\/p>\n<p><em><strong><a title=\"u etds nas\u0131l kullan\u0131l\u0131r\" href=\"http:\/\/www.elitesistem.com\/index.php\/u-etds-sistemi-ulastirma-bakanligi\">u etds nas\u0131l kullan\u0131l\u0131r<\/a>\u00a0<\/strong><\/em>? sizde bildirimlerinizi kolayca yapmak i\u00e7in sistemimiz \u00fczerinden bildirimlerinizi kolayca yapabilirsiniz.<\/p>\n<p>Bu yetki belgeleri aras\u0131nda yer alan\u00a0<a title=\"k1\" href=\"http:\/\/www.elitesistem.com\/index.php\/u-etds-sistemi-ulastirma-bakanligi\"><strong>k1<\/strong><\/a>\u00a0\u00fczerinden destek sa\u011flayan firmalar konusunda en iyi hizmeti sunuyoruz. Bu sistemi ele ald\u0131\u011f\u0131m\u0131z programlar dahilinde \u00e7ok daha g\u00fcvenli \u015fekilde kullanabilirsiniz.<\/p>\n<h2><strong><a title=\"u etds ne demek\" href=\"http:\/\/www.elitesistem.com\/index.php\/u-etds-sistemi-ulastirma-bakanligi\">u etds ne demek<\/a><\/strong><\/h2>\n<p>B\u00f6ylece\u00a0<strong><a title=\"U-ETD\" href=\"http:\/\/www.elitesistem.com\/index.php\/u-etds-sistemi-ulastirma-bakanligi\">U-ETDS<\/a>\u00a0e\u015fya ta\u015f\u0131mac\u0131l\u0131\u011f\u0131<\/strong>\u00a0a\u00e7\u0131s\u0131ndan t\u00fcm denetim ve kontrol dahilinde Ula\u015ft\u0131rma Bakanl\u0131\u011f\u0131na gerekli bilgileri d\u00fczenli \u015fekilde aktarabilirsiniz.<\/p>\n<p><strong>G\u00fcvenli \u015eekilde\u00a0<a title=\"U-ETD\" href=\"http:\/\/www.elitesistem.com\/index.php\/u-etds-sistemi-ulastirma-bakanligi\">U-ETDS<\/a>\u00a0E\u015fya Ta\u015f\u0131mac\u0131l\u0131\u011f\u0131<\/strong><\/p>\n<p>\u00d6zellikle g\u00fcvensiz yoldan e\u015fya ta\u015f\u0131mac\u0131l\u0131\u011f\u0131 konusunda bunun \u00f6n\u00fcne ge\u00e7ebilmek i\u00e7in ele al\u0131nan\u00a0<strong>u-etds<\/strong>, \u015fehirler aras\u0131 e\u015fya ta\u015f\u0131ma a\u00e7\u0131s\u0131ndan g\u00fcvenli portal yaratm\u0131\u015f durumda. Bu sekt\u00f6re disiplin edebilme potansiyele sahip olan sistem,\u00a0<strong>k1\u00a0<\/strong>ile beraber b\u00fct\u00fcn de\u011fi\u015fik yetki belgesine sahip firmalar konusunda b\u00fcy\u00fck \u00f6neme sahiptir. Buna uygun \u015fekilde t\u00fcm denetim ve kontroller sistem \u00fczerinden yaparak Ula\u015ft\u0131rma Bakanl\u0131\u011f\u0131na iletilmelidir. Bu ba\u011flamda size sa\u011flad\u0131\u011f\u0131m\u0131z hizmet dahilinde,<\/p>\n<h2><strong>U-ETDS e\u015fya ta\u015f\u0131mac\u0131l\u0131\u011f\u0131<\/strong><\/h2>\n<p>hizmetini daha g\u00fcvenli \u015fekilde yapabilmeniz i\u00e7in en iyi deste\u011fi sa\u011fl\u0131yoruz.<\/p>\n<p><strong>\u00d6zel Olarak Tasarlanm\u0131\u015f U-Etds Yolcu Ta\u015f\u0131mac\u0131l\u0131\u011f\u0131 Sistemi<\/strong><\/p>\n<p>Firman\u0131z\u0131n ihtiya\u00e7 duydu\u011fu bir\u00e7ok de\u011fi\u015fik \u00f6zellikle\u00a0<strong>u-etds<\/strong>\u00a0sistemini sizlere sunmaktan memnuniyet duyar\u0131z. B\u00f6ylece t\u00fcm i\u015flerinizi tek bir portal \u00fczerinden y\u00f6nlendirebilir; y\u00f6netme ile beraber durum raporu \u00e7\u0131karabilirsiniz. \u00d6zellikle bu konuda meydana gelebilecek b\u00fcy\u00fck i\u015f kar\u0131\u015f\u0131kl\u0131\u011f\u0131na tamamen ortadan kald\u0131rman\u0131z m\u00fcmk\u00fcn.<\/p>\n<h2><a title=\"u-etds giri\u015f nas\u0131l yap\u0131l\u0131r\" href=\"http:\/\/www.elitesistem.com\/index.php\/u-etds-sistemi-ulastirma-bakanligi\"><b>u-etds giri\u015f nas\u0131l yap\u0131l\u0131r<\/b><\/a><\/h2>\n<p>Ba\u015ftan sona her detay\u0131n ele al\u0131nd\u0131\u011f\u0131 kay\u0131t sistemi ile beraber veriler kontrol alt\u0131nda tutulmakta, etkin raporlama el al\u0131nabilmektedir Demo talebinde bulunarak sisteme kolayca giri\u015f yapabilir ve bildirimde bulunabilirsiniz. Sistem dahilinde\u00a0<strong>k1<\/strong>\u00a0yetki belgesi ile beraber bir\u00e7ok de\u011fi\u015fik belgeye sahibi firmalar i\u00e7in destek sunuyoruz.<\/li>\n<\/ul>\n<\/div>\n<\/div><\/div>\n<\/div>\n<\/div>\n<\/div>\n<\/div>\n<\/div>\n<div id=\"cmsmasters_row_4x4kj59txt\" class=\"cmsmasters_row cmsmasters_color_scheme_default cmsmasters_row_top_default cmsmasters_row_bot_default cmsmasters_row_boxed\">\n<div class=\"cmsmasters_row_outer_parent\">\n<div class=\"cmsmasters_row_outer\">\n<div class=\"cmsmasters_row_inner\">\n<div class=\"cmsmasters_row_margin\">\n<div id=\"cmsmasters_column_f2f5163d2d\" class=\"cmsmasters_column one_first\">\n<div class=\"cmsmasters_column_inner\">\n<div id=\"cmsmasters_divider_oyczgs1adg\" class=\"cmsmasters_divider cmsmasters_divider_width_long cmsmasters_divider_pos_center\"><\/div>\n<div id=\"cmsmasters_heading_0m6lavnyn\" class=\"cmsmasters_heading_wrap cmsmasters_heading_align_left\">\n\t<h2 class=\"cmsmasters_heading\">Talep Formu<\/h2>\n<\/div><div id=\"cmsmasters_heading_bepy8fzfca\" class=\"cmsmasters_heading_wrap cmsmasters_heading_align_left\">\n\t<h2 class=\"cmsmasters_heading\">A\u015fa\u011f\u0131daki Formu Doldurarak Talepte Bulunabilirsiniz.<\/h2>\n<\/div>\n<div class=\"cmsmasters_contact_form\" data-animation=\"fadeIn\" data-delay=\"0\">\n<div class=\"wpcf7 no-js\" id=\"wpcf7-f13068-o1\" lang=\"en-US\" dir=\"ltr\" data-wpcf7-id=\"13068\">\n<div class=\"screen-reader-response\"><p role=\"status\" aria-live=\"polite\" aria-atomic=\"true\"><\/p> <ul><\/ul><\/div>\n<form action=\"\/index.php\/wp-json\/wp\/v2\/pages\/14089#wpcf7-f13068-o1\" method=\"post\" class=\"wpcf7-form init\" aria-label=\"Contact form\" novalidate=\"novalidate\" data-status=\"init\">\n<fieldset class=\"hidden-fields-container\"><input type=\"hidden\" name=\"_wpcf7\" value=\"13068\" \/><input type=\"hidden\" name=\"_wpcf7_version\" value=\"6.1.5\" \/><input type=\"hidden\" name=\"_wpcf7_locale\" value=\"en_US\" \/><input type=\"hidden\" name=\"_wpcf7_unit_tag\" value=\"wpcf7-f13068-o1\" \/><input type=\"hidden\" name=\"_wpcf7_container_post\" value=\"0\" \/><input type=\"hidden\" name=\"_wpcf7_posted_data_hash\" value=\"\" \/><input type=\"hidden\" name=\"_wpcf7_recaptcha_response\" value=\"\" \/>\n<\/fieldset>\n<div class=\"cmsmasters_row_margin cmsmasters_1212\">\n\t<div class=\"cmsmasters_column one_half\">\n\t\t<p><br \/>\n<span class=\"wpcf7-form-control-wrap\" data-name=\"menu-372\"><select class=\"wpcf7-form-control wpcf7-select\" aria-invalid=\"false\" name=\"menu-372\"><option value=\"Hizmet Se\u00e7imi\">Hizmet Se\u00e7imi<\/option><option value=\"T\u0131r Kantar\u0131\">T\u0131r Kantar\u0131<\/option><option value=\"T\u0131r Kantar\u0131 Servis\">T\u0131r Kantar\u0131 Servis<\/option><option value=\"\u00d6zel Yaz\u0131l\u0131m Geli\u015ftirme\">\u00d6zel Yaz\u0131l\u0131m Geli\u015ftirme<\/option><option value=\"DBA Kantar Program\u0131\">DBA Kantar Program\u0131<\/option><option value=\"\u00c7evre Bakanl\u0131\u011f\u0131 Kantar Program\u0131\">\u00c7evre Bakanl\u0131\u011f\u0131 Kantar Program\u0131<\/option><option value=\"Standart Kantar Program\u0131\">Standart Kantar Program\u0131<\/option><option value=\"Online Kantar Program\u0131\">Online Kantar Program\u0131<\/option><option value=\"Luca Entegre Kantar Program\u0131\">Luca Entegre Kantar Program\u0131<\/option><option value=\"U-ETDS Sistemi\">U-ETDS Sistemi<\/option><option value=\"Di\u011fer Yaz\u0131l\u0131mlar\">Di\u011fer Yaz\u0131l\u0131mlar<\/option><option value=\"Ak\u0131ll\u0131 Devriye Tur Kontrol\">Ak\u0131ll\u0131 Devriye Tur Kontrol<\/option><\/select><\/span>\n\t\t<\/p>\n\t\t<p><br \/>\n<span class=\"wpcf7-form-control-wrap\" data-name=\"your-name\"><input size=\"40\" maxlength=\"400\" class=\"wpcf7-form-control wpcf7-text\" aria-invalid=\"false\" placeholder=\"Ad\u0131n\u0131z\" value=\"\" type=\"text\" name=\"your-name\" \/><\/span>\n\t\t<\/p>\n\t\t<p><br \/>\n<span class=\"wpcf7-form-control-wrap\" data-name=\"your-email\"><input size=\"40\" maxlength=\"400\" class=\"wpcf7-form-control wpcf7-text\" aria-invalid=\"false\" placeholder=\"E-mail\" value=\"\" type=\"text\" name=\"your-email\" \/><\/span>\n\t\t<\/p>\n\t<\/div>\n\t<div class=\"cmsmasters_column one_half\">\n\t\t<p><br \/>\n<span class=\"wpcf7-form-control-wrap\" data-name=\"menu-376\"><select class=\"wpcf7-form-control wpcf7-select\" aria-invalid=\"false\" name=\"menu-376\"><option value=\"Konu\">Konu<\/option><option value=\"Fiyat Teklifi\">Fiyat Teklifi<\/option><option value=\"Destek\">Destek<\/option><option value=\"Lisans Yenileme\">Lisans Yenileme<\/option><option value=\"Yeni Kurulum\">Yeni Kurulum<\/option><option value=\"\u00d6neri\">\u00d6neri<\/option><\/select><\/span>\n\t\t<\/p>\n\t\t<p><br \/>\n<span class=\"wpcf7-form-control-wrap\" data-name=\"phone\"><input size=\"40\" maxlength=\"400\" class=\"wpcf7-form-control wpcf7-tel wpcf7-text wpcf7-validates-as-tel\" aria-invalid=\"false\" placeholder=\"Telefon\" value=\"\" type=\"tel\" name=\"phone\" \/><\/span>\n\t\t<\/p>\n\t<\/div>\n<\/div>\n<div class=\"cmsmasters_row_margin cmsmasters_11\">\n\t<div class=\"cmsmasters_column one_first\">\n\t\t<p><br \/>\n<span class=\"wpcf7-form-control-wrap\" data-name=\"your-message\"><textarea cols=\"40\" rows=\"10\" maxlength=\"2000\" class=\"wpcf7-form-control wpcf7-textarea\" aria-invalid=\"false\" placeholder=\"Mesaj\u0131n\u0131z *\" name=\"your-message\"><\/textarea><\/span>\n\t\t<\/p>\n\t<\/div>\n\t<div class=\"cmsmasters_column one_first\">\n\t\t<p><br \/>\n\t\t<span class=\"wpcf7-form-control-wrap recaptcha\" data-name=\"recaptcha\"><span data-sitekey=\"6LcDzgwpAAAAABp9uM2Y5ZmLwl0EfSEuV5Bz23XP\" class=\"wpcf7-form-control wpcf7-recaptcha g-recaptcha\"><\/span>\r\n<noscript>\r\n\t<div class=\"grecaptcha-noscript\">\r\n\t\t<iframe loading=\"lazy\" src=\"https:\/\/www.google.com\/recaptcha\/api\/fallback?k=6LcDzgwpAAAAABp9uM2Y5ZmLwl0EfSEuV5Bz23XP\" frameborder=\"0\" scrolling=\"no\" width=\"310\" height=\"430\">\r\n\t\t<\/iframe>\r\n\t\t<textarea name=\"g-recaptcha-response\" rows=\"3\" cols=\"40\" placeholder=\"reCaptcha Response Here\">\r\n\t\t<\/textarea>\r\n\t<\/div>\r\n<\/noscript>\r\n<\/span>\n\t\t<\/p>\n\t\t<p><input class=\"wpcf7-form-control wpcf7-submit has-spinner\" type=\"submit\" value=\"Formu G\u00f6nder\" \/>\n\t\t<\/p>\n\t<\/div>\n<\/div><div class=\"wpcf7-response-output\" aria-hidden=\"true\"><\/div>\n<\/form>\n<\/div>\n<\/div>\n<\/div><\/div>\n<\/div>\n<\/div>\n<\/div>\n<\/div>\n<\/div>\n\n","protected":false},"excerpt":{"rendered":"","protected":false},"author":1,"featured_media":0,"parent":0,"menu_order":0,"comment_status":"closed","ping_status":"closed","template":"","meta":{"footnotes":""},"class_list":["post-14089","page","type-page","status-publish","hentry"],"_links":{"self":[{"href":"https:\/\/www.elitesistem.com\/index.php\/wp-json\/wp\/v2\/pages\/14089","targetHints":{"allow":["GET"]}}],"collection":[{"href":"https:\/\/www.elitesistem.com\/index.php\/wp-json\/wp\/v2\/pages"}],"about":[{"href":"https:\/\/www.elitesistem.com\/index.php\/wp-json\/wp\/v2\/types\/page"}],"author":[{"embeddable":true,"href":"https:\/\/www.elitesistem.com\/index.php\/wp-json\/wp\/v2\/users\/1"}],"replies":[{"embeddable":true,"href":"https:\/\/www.elitesistem.com\/index.php\/wp-json\/wp\/v2\/comments?post=14089"}],"version-history":[{"count":0,"href":"https:\/\/www.elitesistem.com\/index.php\/wp-json\/wp\/v2\/pages\/14089\/revisions"}],"wp:attachment":[{"href":"https:\/\/www.elitesistem.com\/index.php\/wp-json\/wp\/v2\/media?parent=14089"}],"curies":[{"name":"wp","href":"https:\/\/api.w.org\/{rel}","templated":true}]}}