{"id":14047,"date":"2023-11-11T01:06:28","date_gmt":"2023-11-10T22:06:28","guid":{"rendered":"https:\/\/www.elitesistem.com\/?page_id=14047"},"modified":"2024-07-05T22:00:54","modified_gmt":"2024-07-05T19:00:54","slug":"web-tasarim-hizmetleri","status":"publish","type":"page","link":"https:\/\/www.elitesistem.com\/index.php\/web-tasarim-hizmetleri","title":{"rendered":"Web Tasar\u0131m Hizmetleri"},"content":{"rendered":"<div id=\"cmsmasters_row_50b0k6juv\" class=\"cmsmasters_row cmsmasters_color_scheme_default cmsmasters_row_top_default cmsmasters_row_bot_default cmsmasters_row_boxed\">\n<div class=\"cmsmasters_row_outer_parent\">\n<div class=\"cmsmasters_row_outer\">\n<div class=\"cmsmasters_row_inner\">\n<div class=\"cmsmasters_row_margin\">\n<div id=\"cmsmasters_column_901f4646bb\" class=\"cmsmasters_column one_first\">\n<div class=\"cmsmasters_column_inner\"><div class=\"cmsmasters_img  cmsmasters_image_l\"><img decoding=\"async\" src=\"https:\/\/www.elitesistem.com\/wp-content\/uploads\/2023\/11\/gebze-web-tasarim-hizmeti.jpg\" alt=\"Gebze Web Tasar\u0131m Hizmetleri\" \/><\/div>\n<div id=\"cmsmasters_divider_syko9p81zl\" class=\"cmsmasters_divider cmsmasters_divider_width_long cmsmasters_divider_pos_center\"><\/div>\n<div id=\"cmsmasters_heading_4ecakbaf5g\" class=\"cmsmasters_heading_wrap cmsmasters_heading_align_left\">\n\t<h2 class=\"cmsmasters_heading cmsmasters-icon-thumbs-up-3\">Web Tasar\u0131m Hizmetleri<\/h2>\n<\/div><div class=\"cmsmasters_text\">\n<p>Firman\u0131z\u0131n internetteki kurumsal aray\u00fcz\u00fcd\u00fcr.\u00a0<strong><a title=\"Web tasar\u0131m\" href=\"http:\/\/www.elitesistem.com\/\">Web tasar\u0131m<\/a><\/strong>, i\u015flevsel y\u00f6nden kolay kullan\u0131m\u0131, sade ve kolay eri\u015filebilir i\u00e7eri\u011fi ile sizin interaktif ortamdaki kimli\u011finizdir. Web tasar\u0131m, d\u00fc\u015f\u00fck maliyetli ve aktif kullan\u0131lan tan\u0131t\u0131m arac\u0131d\u0131r.<\/p>\n<p>&nbsp;<\/p>\n<p>Elite Sistem\u00a0olarak \u00f6zg\u00fcn, kaliteli, yeni trendlere uygun<strong>\u00a0<a title=\"Gebze Web Tasar\u0131m\" href=\"http:\/\/www.elitesistem.com\/index.php\/web-tasarim\">web tasar\u0131m<\/a>\u00a0<\/strong>yapmay\u0131 ilke edinmi\u015f y\u0131llar\u0131n tecr\u00fcbesine sahip bir firmay\u0131z.<\/p>\n<p>&nbsp;<\/p>\n<p>Web Tasar\u0131m\u00a0alan\u0131nda \u00fcretilen her i\u015fin \u00f6zg\u00fcnl\u00fc\u011f\u00fc ve kalitesi, yeniliklere takip etmek ve kreatif bir tasar\u0131m\u0131n prensip olarak kabul etmekten ge\u00e7er.<\/p>\n<p>Her web sitesi; bir\u00a0Web Tasar\u0131m Projesi\u00a0olarak ele al\u0131nmal\u0131, var oldu\u011funuz sekt\u00f6r\u00fcn istekleri ve talepleri ara\u015ft\u0131r\u0131lmal\u0131, sizin taleplerinizin analiz edilmesi ve son zamanlar\u0131n web tasar\u0131m trendleri uygulanm\u0131\u015f olmal\u0131d\u0131r.<\/p>\n<p>Web sitenize\u00a0HTML5\u00a0ve\u00a0CSS3\u00a0trendler uygulanm\u0131\u015fsa ,\u00a0mobil uyumlu (responsive )\u00a0web tasar\u0131m yap\u0131lm\u0131\u015fsa; ayn\u0131 alanda rekabet etti\u011finiz web sitelerin \u00e7ok \u00e7ok \u00f6n\u00fcnde yer alman\u0131z sa\u011flayacak ve trafik ak\u0131\u015f\u0131n\u0131 artt\u0131r\u0131p m\u00fc\u015fterilerin sadakatine etki edecektir.<\/p>\n<p>Web tasar\u0131m alan\u0131nda 20 y\u0131ld\u0131r hizmet veren firmam\u0131z, b\u00fcnyesinde bulundurdu\u011fu grafiker, web tasar\u0131m uzman\u0131 ve yaz\u0131l\u0131m departman\u0131 ile faaliyet g\u00f6stermektedir. S\u00fcreklilik ve geri hizmet kalitesi anlay\u0131\u015f\u0131yla firman\u0131za en uygun\u00a0<strong><a title=\"Dar\u0131ca Web Tasar\u0131m\" href=\"http:\/\/www.elitesistem.com\/index.php\/web-tasarim\">web<\/a><\/strong>\u00a0tasar\u0131m ve web dizayn hizmetini sunar.<\/p>\n<p>Web tasar\u0131m hakk\u0131nda firmam\u0131z\u0131n \u00f6nerileri;<\/p>\n<p><strong><a title=\"Web Sitesi Fiyatlar\u0131\" href=\"http:\/\/www.elitesistem.com\/index.php\/web-tasarim\">Web sitesi fiyatlar\u0131<\/a><\/strong>\u00a0ile ilgili olarak sabit bir fiyat listesi uygulayabilmenin yanl\u0131\u015f oldu\u011funu d\u00fc\u015f\u00fcnen firmam\u0131z, haz\u0131rlanacak web sitesi tasar\u0131m\u0131 ve web sitesi yaz\u0131l\u0131m\u0131 ile ilgili olarak \u00e7al\u0131\u015f\u0131lacak adam \/ zaman hesab\u0131 \u00fczerinden web sitesi fiyatlar\u0131n\u0131 belirlemektedir. B\u00f6ylelikle her web sitesi projesi fiyat\u0131 daha ger\u00e7ek\u00e7i olarak olu\u015fmaktad\u0131r.<\/p>\n<p>Firmam\u0131z Merkezi\u00a0<strong><a title=\"Dar\u0131ca\" href=\"http:\/\/www.elitesistem.com\/index.php\/web-tasarim\">Dar\u0131ca<\/a><a title=\"Gebze\" href=\"http:\/\/www.elitesistem.com\/index.php\/web-tasarim\">Gebze<\/a><\/strong>\/<strong><a title=\"Kocaeli\" href=\"http:\/\/www.elitesistem.com\/index.php\/web-tasarim\">Kocaeli<\/a><\/strong>d\u0131\u015f\u0131nda T\u00fcrkiye de Genelinde bir \u00e7ok projeye imza atm\u0131\u015ft\u0131r. Sitesi d\u0131\u015f\u0131nda ihtiyac\u0131n\u0131z olabilecek intranet yaz\u0131l\u0131m\u0131, extranet\u00a0 yaz\u0131l\u0131m\u0131, portal tasar\u0131m\u0131 &amp; yaz\u0131l\u0131m\u0131, yazal\u0131m aray\u00fcz olu\u015fturma yada \u015firket i\u00e7i kullan\u0131labilecek web tabanl\u0131 \u00f6zel yaz\u0131l\u0131m projeleri konusunda da ihtiya\u00e7lar\u0131n\u0131z\u0131 kar\u015f\u0131layabilecek yaz\u0131l\u0131m hizmeti de sa\u011flamaktay\u0131z.<\/p>\n<\/div>\n<div id=\"cmsmasters_heading_qlkdjasod8\" class=\"cmsmasters_heading_wrap cmsmasters_heading_align_left\">\n\t<h2 class=\"cmsmasters_heading cmsmasters-icon-help-2\">Google Reklamlar\u0131<\/h2>\n<\/div>\n<div id=\"cmsmasters_divider_5hgq54k9m\" class=\"cmsmasters_divider cmsmasters_divider_width_long cmsmasters_divider_pos_center\"><\/div>\n<\/div><\/div>\n<\/div>\n<\/div>\n<\/div>\n<\/div>\n<\/div>\n<div id=\"cmsmasters_row_c5elco9gxe\" class=\"cmsmasters_row cmsmasters_color_scheme_default cmsmasters_row_top_default cmsmasters_row_bot_default cmsmasters_row_boxed\">\n<div class=\"cmsmasters_row_outer_parent\">\n<div class=\"cmsmasters_row_outer\">\n<div class=\"cmsmasters_row_inner\">\n<div class=\"cmsmasters_row_margin\">\n<div id=\"cmsmasters_column_4a2d892c3a\" class=\"cmsmasters_column one_first\">\n<div class=\"cmsmasters_column_inner\"><div id=\"cmsmasters_heading_kjnd6v27c\" class=\"cmsmasters_heading_wrap cmsmasters_heading_align_left\">\n\t<h2 class=\"cmsmasters_heading cmsmasters-icon-help-2\">Google AdWords ile Yeni M\u00fc\u015fteriler Kazan\u0131n !<\/h2>\n<\/div><div class=\"cmsmasters_text\">\n<p class=\"pb20\"><strong>E-D\u00fcnya\u2019da Kaybolmay\u0131n !<\/strong><br \/>\nAdWords Reklamlar\u0131n\u0131n Yararlar\u0131 Reklamlar\u0131n\u0131z\u0131 \u00fcr\u00fcn ve hizmetlerinizi Google\u2019da arayan ki\u015fi ve kurulu\u015flar g\u00f6r\u00fcrler. Yaln\u0131zca reklamlar\u0131n\u0131za t\u0131klayarak sitenize giri\u015f yapt\u0131klar\u0131 zaman Google Kredinizden k\u00fc\u00e7\u00fck bedeller d\u00fc\u015fer. G\u00fcnl\u00fck- Haftal\u0131k \u2013 Ayl\u0131k b\u00fct\u00e7elerinizi kendiniz ayarlars\u0131n\u0131z. G\u00f6r\u00fcnt\u00fclenme ve t\u0131klanma say\u0131lar\u0131n\u0131z\u0131 ve anl\u0131k harcamalar\u0131n\u0131z\u0131 online g\u00fcncel olarak g\u00f6r\u00fcrs\u00fcn\u00fcz. Google Adwords Kay\u0131t<\/p>\n<p class=\"pb20\"><strong>Google Arama Reklam A\u011f\u0131<\/strong><br \/>\nGoogle Arama A\u011f\u0131; reklamlar\u0131n\u0131z\u0131n yap\u0131lan aramalara ili\u015fkin g\u00f6r\u00fcnt\u00fclenece\u011fi web sitelerinden olu\u015fan bir reklam a\u011f\u0131d\u0131r. Arama A\u011f\u0131; Google Arama, Al\u0131\u015fveri\u015f, Haritalar, G\u00f6rseller ve Gruplar\u2019\u0131n yan\u0131 s\u0131ra AOL gibi Arama A\u011f\u0131 i\u015f orta\u011f\u0131 sitelerini kapsar. Arama a\u011f\u0131nda yay\u0131nlanan reklamlar hem Google arama sonu\u00e7lar\u0131nda hem de arama a\u011f\u0131ndaki Arama A\u011f\u0131 \u0130\u015f Orta\u011f\u0131 sitelerinde metin reklamlar\u0131 \u015feklinde g\u00f6z\u00fck\u00fcr. Reklamlar, Google sayfas\u0131n\u0131n \u00fcst, yan ve alt k\u0131s\u0131mlar\u0131ndaki sar\u0131 bantlarda sponsorlu reklamlar olarak yer al\u0131r. Google arama a\u011f\u0131n\u0131 kullanan kullan\u0131c\u0131lar, firman\u0131z ile ilgili kelimelerle arama yapt\u0131klar\u0131nda reklamlar\u0131n\u0131z\u0131 g\u00f6r\u00fcrler ve reklamlar\u0131n\u0131z firman\u0131z\u0131n \u00fcr\u00fcn ve hizmetleriyle ilgilenen alakal\u0131 kullan\u0131c\u0131lara g\u00f6sterilir. Sizin belirledi\u011finiz b\u00fct\u00e7eler d\u00e2hilinde reklamlar\u0131n\u0131z yay\u0131nlan\u0131r ve reklamlar\u0131n\u0131z t\u0131kland\u0131\u011f\u0131nda \u00f6deme yapars\u0131n\u0131z. Google arama a\u011f\u0131nda verece\u011finiz reklamlar ile do\u011fru m\u00fc\u015fterilere, do\u011fru zamanda, do\u011fru mesajla ula\u015f\u0131n.<\/p>\n<p class=\"pb20\"><strong>Google Arama A\u011f\u0131 Hedefleme Se\u00e7enekleri<\/strong><br \/>\nGoogle Arama A\u011f\u0131 Reklamlar\u0131 ile hedef kitlenize metin reklamlar\u0131n\u0131z\u0131 anahtar kelime, yer ve dil hedefleme ve cihaz hedefleme yaparak g\u00f6sterebilirsiniz. Anahtar kelime hedefleyerek, firman\u0131z\u0131n verdi\u011fi \u00fcr\u00fcn ve hizmete g\u00f6re belirledi\u011finiz anahtar kelimeler ile reklamlar\u0131n\u0131z\u0131 g\u00f6sterirsiniz. Yer ve dil hedefleyerek m\u00fc\u015fterilerinize \u00fcr\u00fcn veya hizmetinizi sunmak istedi\u011finiz co\u011frafi yerleri ve arama motorlar\u0131ndaki kullan\u0131lan dil se\u00e7ene\u011fi ile ula\u015fmak istedi\u011finiz kitleyi belirleyerek reklamlar\u0131n\u0131z\u0131 g\u00f6sterirsiniz. Cihaz hedefleyerek m\u00fc\u015fterilerinizi, arama yapt\u0131klar\u0131nda kulland\u0131klar\u0131 bilgisayarlar\u0131ndan, iPhone\u2019lar ve Android cihazlar gibi tam i\u015flevli taray\u0131c\u0131lara sahip cep telefonlar\u0131ndan veya tabletlerinden yola \u00e7\u0131karak yakalars\u0131n\u0131z.<\/p>\n<p class=\"pb20\"><strong>Google Arama A\u011f\u0131 D\u00f6n\u00fc\u015f\u00fcmlerini \u0130zlemek<\/strong><br \/>\nD\u00f6n\u00fc\u015f\u00fcm, reklamlar\u0131n\u0131z\u0131 t\u0131klayan bir m\u00fc\u015fterinin web sitenizde bir i\u015flemi ger\u00e7ekle\u015ftirmesidir. D\u00f6n\u00fc\u015f\u00fcmler; Arama a\u011f\u0131 reklamlar\u0131n\u0131z\u0131 g\u00f6ren kullan\u0131c\u0131lar\u0131n reklamlar\u0131n\u0131z\u0131 t\u0131klay\u0131p d\u00f6n\u00fc\u015f\u00fcm ger\u00e7ekle\u015ftirdi\u011fi ve reklamlar\u0131n\u0131z\u0131 g\u00f6r\u00fcp daha sonras\u0131nda i\u015flem ger\u00e7ekle\u015ftirip d\u00f6n\u00fc\u015f\u00fcm sa\u011flad\u0131\u011f\u0131 kullan\u0131c\u0131lar olmak \u00fczere iki \u015fekilde ger\u00e7ekle\u015fir. D\u00f6n\u00fc\u015f\u00fcm Raporlar\u0131 ile de reklamlar\u0131n\u0131z\u0131n t\u00fcketiciler \u00fczerindeki genel etkisini \u00f6l\u00e7m\u00fc\u015f, ger\u00e7ek yat\u0131r\u0131m getirisini anlam\u0131\u015f, Arama A\u011f\u0131ndaki en iyi performans g\u00f6steren reklamlar\u0131 belirlemi\u015f ve buna g\u00f6re hedef ve stratejilerinizi optimize etmi\u015f olursunuz.<\/p>\n<p class=\"pb20\"><strong>Google Arama A\u011f\u0131 Reklamlar\u0131 Optimizasyonu<\/strong><br \/>\nGoogle D\u00f6n\u00fc\u015f\u00fcm Optimize Edici ile Google reklamlar\u0131n\u0131z\u0131 b\u00fct\u00e7eniz d\u00e2hilinde en fazla d\u00f6n\u00fc\u015f\u00fcm\u00fc alacak \u015fekilde optimizasyonu yap\u0131l\u0131r. D\u00f6n\u00fc\u015f\u00fcm Optimize Edici ile ge\u00e7mi\u015fteki verileriniz kullan\u0131larak reklamlar\u0131n\u0131z\u0131n d\u00f6n\u00fc\u015f\u00fcm elde etme olas\u0131l\u0131\u011f\u0131n\u0131n y\u00fcksek oldu\u011fu durumlarda daha s\u0131k, d\u00f6n\u00fc\u015f\u00fcm olas\u0131l\u0131\u011f\u0131n\u0131n daha d\u00fc\u015f\u00fck oldu\u011fu durumlarda ise daha az g\u00f6sterilmesini sa\u011flar. Bunun i\u00e7in yap\u0131lmas\u0131 gereken \u015fey hedef edinme ba\u015f\u0131 maliyetinizi yani bir d\u00f6n\u00fc\u015f\u00fcm i\u00e7in \u00f6demek istedi\u011finiz ortalama tutar\u0131 bize bildirmektir. D\u00f6n\u00fc\u015f\u00fcm Optimize Edici ile hangi t\u0131klamalar\u0131n firman\u0131z i\u00e7in daha de\u011ferli oldu\u011funu anlar ve edinme ba\u015f\u0131 maliyetinizi de buna ba\u011fl\u0131 olarak belirleyebilirsiniz. Daha fazla d\u00f6n\u00fc\u015f\u00fcm sa\u011flanarak yat\u0131r\u0131m getiriniz artt\u0131r\u0131l\u0131r ve daha fazla m\u00fc\u015fteriye ula\u015fman\u0131z sa\u011flan\u0131r.<\/p>\n<p class=\"pb20\"><strong class=\"oranges\">Google Sunumlar<\/strong><br \/>\n* Y\u00f6netti\u011fimiz Google Adwords kampanyalar\u0131 i\u00e7in harcama b\u00fct\u00e7esine g\u00f6re %10 ile %25 aras\u0131 hizmet bedeli al\u0131nmaktad\u0131r. T\u00fcm reklam sunumlar\u0131m\u0131z\u0131\u00a0<strong class=\"oranges\">buraya t\u0131klayarak<\/strong>\u00a0g\u00f6r\u00fcnt\u00fcleyebilirsiniz.<\/p>\n<p class=\"pb20\"><strong class=\"oranges\">Google Sertifikas\u0131n\u0131n \u00d6nemi<\/strong><br \/>\n1- Google Reklamlar\u0131n\u0131z bu konuda Google taraf\u0131ndan konulan t\u00fcm ko\u015fullar\u0131 ger\u00e7ekle\u015ftiren uzman Google Sertifikal\u0131 i\u015f orta\u011f\u0131 Elite Sistem taraf\u0131ndan haz\u0131rlan\u0131r ve y\u00f6netilir.<br \/>\n2- Google Adwords reklamlar\u0131n\u0131z\u0131n kurulu\u015f i\u015flemleri Google y\u00fcksek kriterlerine uygun optimizasyonlu olarak yap\u0131l\u0131r.<br \/>\n3- Google Reklamlar\u0131n\u0131z\u0131n t\u0131klama ba\u015f\u0131 maliyetleri, g\u00fcnl\u00fck, haftal\u0131k ve ayl\u0131k b\u00fct\u00e7eleri \u00e7ok ekonomik rakamlara d\u00fc\u015fer.<br \/>\n4- Google Reklamlar\u0131ndan sa\u011flayaca\u011f\u0131n\u0131z yeni m\u00fc\u015fteri say\u0131n\u0131z ve gelirleriniz \u00e7ok artar.<br \/>\n5- Google Adwords Reklamlar\u0131n\u0131z\u0131n performanslar\u0131 y\u00fckselir.<br \/>\n6- Faturalar\u0131n\u0131z Google sertifikal\u0131 Elite Sistem firmas\u0131 taraf\u0131ndan size kesilir.<br \/>\n7- T\u00fcm y\u00f6netim ve raporlama i\u015flemleriniz Elite Sistem taraf\u0131ndan yap\u0131l\u0131r ve taraf\u0131n\u0131zdan online olarak izlenir.<br \/>\n8- Google Sertifikal\u0131 Uzman ekip Elite Sistem ile \u00e7al\u0131\u015fman\u0131n g\u00fcven ve kazan\u00e7lar\u0131na sahip olursunuz.<\/p>\n<\/div>\n<div id=\"cmsmasters_heading_i08drovm19\" class=\"cmsmasters_heading_wrap cmsmasters_heading_align_left\">\n\t<h2 class=\"cmsmasters_heading cmsmasters-icon-rocket-2\">Yaz\u0131l\u0131m Geli\u015ftirme S\u00fcrecimiz:<\/h2>\n<\/div><div class=\"cmsmasters_toggles toggles_mode_toggle\">\n<div class=\"cmsmasters_toggle_wrap\" data-tags=\"all \">\n<div class=\"cmsmasters_toggle_title\">\n<span class=\"cmsmasters_toggle_plus\">\n<span class=\"cmsmasters_toggle_plus_hor\"><\/span>\n<span class=\"cmsmasters_toggle_plus_vert\"><\/span>\n<\/span>\n<a href=\"#\">Analiz ve Projelendirme:<\/a>\n<\/div>\n<div class=\"cmsmasters_toggle\">\n<div class=\"cmsmasters_toggle_inner\">\n<p>\u00d6zel istek ve hedefler dinlenilerek, i\u015fin, sekt\u00f6r\u00fcn varsa aksayan sistemin analizi yap\u0131larak konu ile ilgili dok\u00fcman\u0131n olu\u015fturulmas\u0131 ve yap\u0131lacak \u00e7al\u0131\u015fman\u0131n t\u00fcm detaylar\u0131 ile projelendirilmesinin ve i\u015f plan\u0131n\u0131n olu\u015fturulmas\u0131 s\u00fcrecidir.<\/p>\n<\/div>\n<\/div>\n<\/div><div class=\"cmsmasters_toggle_wrap\" data-tags=\"all \">\n<div class=\"cmsmasters_toggle_title\">\n<span class=\"cmsmasters_toggle_plus\">\n<span class=\"cmsmasters_toggle_plus_hor\"><\/span>\n<span class=\"cmsmasters_toggle_plus_vert\"><\/span>\n<\/span>\n<a href=\"#\">Geli\u015ftirme ve Kodlama:<\/a>\n<\/div>\n<div class=\"cmsmasters_toggle\">\n<div class=\"cmsmasters_toggle_inner\">\n<p>Analiz ve projelendirme s\u00fcrecinde t\u00fcm detaylar\u0131 belirlenmi\u015f olan \u00e7al\u0131\u015fman\u0131n database ve kodlama yap\u0131s\u0131 i\u00e7in mimari tasar\u0131m yap\u0131larak en uygun ve esnek yap\u0131 olu\u015fturulur. Kullan\u0131c\u0131 ve y\u00f6netici ara y\u00fcz tasar\u0131mlar\u0131 haz\u0131rlan\u0131r.<\/p>\n<\/div>\n<\/div>\n<\/div><div class=\"cmsmasters_toggle_wrap\" data-tags=\"all \">\n<div class=\"cmsmasters_toggle_title\">\n<span class=\"cmsmasters_toggle_plus\">\n<span class=\"cmsmasters_toggle_plus_hor\"><\/span>\n<span class=\"cmsmasters_toggle_plus_vert\"><\/span>\n<\/span>\n<a href=\"#\">Test \/ S\u0131nama:<\/a>\n<\/div>\n<div class=\"cmsmasters_toggle\">\n<div class=\"cmsmasters_toggle_inner\">\n<p>Proje i\u00e7in haz\u0131rlanan kodlarla proje detaylar\u0131n\u0131n kar\u015f\u0131la\u015ft\u0131r\u0131ld\u0131\u011f\u0131, kullan\u0131c\u0131 ve y\u00f6netici testleri ger\u00e7ekle\u015ftirilerek edinilen t\u00fcm verilerin raporland\u0131\u011f\u0131 s\u00fcre\u00e7tir. Test verileri sonucunda i\u015fin durumu g\u00f6zden ge\u00e7irilir ve en m\u00fckemmel sonu\u00e7 elde edilinceye kadar test s\u00fcreci devam edilir.<\/p>\n<\/div>\n<\/div>\n<\/div><div class=\"cmsmasters_toggle_wrap\" data-tags=\"all \">\n<div class=\"cmsmasters_toggle_title\">\n<span class=\"cmsmasters_toggle_plus\">\n<span class=\"cmsmasters_toggle_plus_hor\"><\/span>\n<span class=\"cmsmasters_toggle_plus_vert\"><\/span>\n<\/span>\n<a href=\"#\">Uyarlama:<\/a>\n<\/div>\n<div class=\"cmsmasters_toggle\">\n<div class=\"cmsmasters_toggle_inner\">\n<p>T\u00fcm testlerden olumlu sonu\u00e7 alan uygulama en son g\u00fcvenlik testleri ve g\u00fcvenlik uygulamas\u0131 entegrasyonu ile uygulamaya haz\u0131r hale getirilir. Sistem kullan\u0131m e\u011fitimi verilir. Haz\u0131r olan \u00e7al\u0131\u015fma kurulum yap\u0131lmak \u00fczere m\u00fc\u015fteriye teslim edilir.<\/p>\n<\/div>\n<\/div>\n<\/div><div class=\"cmsmasters_toggle_wrap\" data-tags=\"all \">\n<div class=\"cmsmasters_toggle_title\">\n<span class=\"cmsmasters_toggle_plus\">\n<span class=\"cmsmasters_toggle_plus_hor\"><\/span>\n<span class=\"cmsmasters_toggle_plus_vert\"><\/span>\n<\/span>\n<a href=\"#\">\u0130\u015fletim (Bak\u0131m \/ Destek):<\/a>\n<\/div>\n<div class=\"cmsmasters_toggle\">\n<div class=\"cmsmasters_toggle_inner\">\n<p>Yaz\u0131l\u0131m bak\u0131m ve deste\u011fi sunulur. D\u0131\u015f destek kayna\u011f\u0131 ve i\u00e7erik y\u00f6netimi hizmetleri sa\u011flan\u0131r.<\/p>\n<\/div>\n<\/div>\n<\/div><\/div>\n<\/div><\/div>\n<\/div>\n<\/div>\n<\/div>\n<\/div>\n<\/div>\n<div id=\"cmsmasters_row_a73bb55cm\" class=\"cmsmasters_row cmsmasters_color_scheme_default cmsmasters_row_top_default cmsmasters_row_bot_default cmsmasters_row_boxed\">\n<div class=\"cmsmasters_row_outer_parent\">\n<div class=\"cmsmasters_row_outer\">\n<div class=\"cmsmasters_row_inner\">\n<div class=\"cmsmasters_row_margin\">\n<div id=\"cmsmasters_column_f2f5163d2d\" class=\"cmsmasters_column one_first\">\n<div class=\"cmsmasters_column_inner\">\n<div id=\"cmsmasters_divider_ih2gx34i8\" class=\"cmsmasters_divider cmsmasters_divider_width_long cmsmasters_divider_pos_center\"><\/div>\n<div id=\"cmsmasters_heading_r2jsf8qai1\" class=\"cmsmasters_heading_wrap cmsmasters_heading_align_left\">\n\t<h2 class=\"cmsmasters_heading\">Talep Formu<\/h2>\n<\/div><div id=\"cmsmasters_heading_p322ivlivj\" class=\"cmsmasters_heading_wrap cmsmasters_heading_align_left\">\n\t<h2 class=\"cmsmasters_heading\">A\u015fa\u011f\u0131daki Formu Doldurarak Talepte Bulunabilirsiniz.<\/h2>\n<\/div>\n<div class=\"cmsmasters_contact_form\" data-animation=\"fadeIn\" data-delay=\"0\">\n<div class=\"wpcf7 no-js\" id=\"wpcf7-f13068-o1\" lang=\"en-US\" dir=\"ltr\" data-wpcf7-id=\"13068\">\n<div class=\"screen-reader-response\"><p role=\"status\" aria-live=\"polite\" aria-atomic=\"true\"><\/p> <ul><\/ul><\/div>\n<form action=\"\/index.php\/wp-json\/wp\/v2\/pages\/14047#wpcf7-f13068-o1\" method=\"post\" class=\"wpcf7-form init\" aria-label=\"Contact form\" novalidate=\"novalidate\" data-status=\"init\">\n<fieldset class=\"hidden-fields-container\"><input type=\"hidden\" name=\"_wpcf7\" value=\"13068\" \/><input type=\"hidden\" name=\"_wpcf7_version\" value=\"6.1.5\" \/><input type=\"hidden\" name=\"_wpcf7_locale\" value=\"en_US\" \/><input type=\"hidden\" name=\"_wpcf7_unit_tag\" value=\"wpcf7-f13068-o1\" \/><input type=\"hidden\" name=\"_wpcf7_container_post\" value=\"0\" \/><input type=\"hidden\" name=\"_wpcf7_posted_data_hash\" value=\"\" \/><input type=\"hidden\" name=\"_wpcf7_recaptcha_response\" value=\"\" \/>\n<\/fieldset>\n<div class=\"cmsmasters_row_margin cmsmasters_1212\">\n\t<div class=\"cmsmasters_column one_half\">\n\t\t<p><br \/>\n<span class=\"wpcf7-form-control-wrap\" data-name=\"menu-372\"><select class=\"wpcf7-form-control wpcf7-select\" aria-invalid=\"false\" name=\"menu-372\"><option value=\"Hizmet Se\u00e7imi\">Hizmet Se\u00e7imi<\/option><option value=\"T\u0131r Kantar\u0131\">T\u0131r Kantar\u0131<\/option><option value=\"T\u0131r Kantar\u0131 Servis\">T\u0131r Kantar\u0131 Servis<\/option><option value=\"\u00d6zel Yaz\u0131l\u0131m Geli\u015ftirme\">\u00d6zel Yaz\u0131l\u0131m Geli\u015ftirme<\/option><option value=\"DBA Kantar Program\u0131\">DBA Kantar Program\u0131<\/option><option value=\"\u00c7evre Bakanl\u0131\u011f\u0131 Kantar Program\u0131\">\u00c7evre Bakanl\u0131\u011f\u0131 Kantar Program\u0131<\/option><option value=\"Standart Kantar Program\u0131\">Standart Kantar Program\u0131<\/option><option value=\"Online Kantar Program\u0131\">Online Kantar Program\u0131<\/option><option value=\"Luca Entegre Kantar Program\u0131\">Luca Entegre Kantar Program\u0131<\/option><option value=\"U-ETDS Sistemi\">U-ETDS Sistemi<\/option><option value=\"Di\u011fer Yaz\u0131l\u0131mlar\">Di\u011fer Yaz\u0131l\u0131mlar<\/option><option value=\"Ak\u0131ll\u0131 Devriye Tur Kontrol\">Ak\u0131ll\u0131 Devriye Tur Kontrol<\/option><\/select><\/span>\n\t\t<\/p>\n\t\t<p><br \/>\n<span class=\"wpcf7-form-control-wrap\" data-name=\"your-name\"><input size=\"40\" maxlength=\"400\" class=\"wpcf7-form-control wpcf7-text\" aria-invalid=\"false\" placeholder=\"Ad\u0131n\u0131z\" value=\"\" type=\"text\" name=\"your-name\" \/><\/span>\n\t\t<\/p>\n\t\t<p><br \/>\n<span class=\"wpcf7-form-control-wrap\" data-name=\"your-email\"><input size=\"40\" maxlength=\"400\" class=\"wpcf7-form-control wpcf7-text\" aria-invalid=\"false\" placeholder=\"E-mail\" value=\"\" type=\"text\" name=\"your-email\" \/><\/span>\n\t\t<\/p>\n\t<\/div>\n\t<div class=\"cmsmasters_column one_half\">\n\t\t<p><br \/>\n<span class=\"wpcf7-form-control-wrap\" data-name=\"menu-376\"><select class=\"wpcf7-form-control wpcf7-select\" aria-invalid=\"false\" name=\"menu-376\"><option value=\"Konu\">Konu<\/option><option value=\"Fiyat Teklifi\">Fiyat Teklifi<\/option><option value=\"Destek\">Destek<\/option><option value=\"Lisans Yenileme\">Lisans Yenileme<\/option><option value=\"Yeni Kurulum\">Yeni Kurulum<\/option><option value=\"\u00d6neri\">\u00d6neri<\/option><\/select><\/span>\n\t\t<\/p>\n\t\t<p><br \/>\n<span class=\"wpcf7-form-control-wrap\" data-name=\"phone\"><input size=\"40\" maxlength=\"400\" class=\"wpcf7-form-control wpcf7-tel wpcf7-text wpcf7-validates-as-tel\" aria-invalid=\"false\" placeholder=\"Telefon\" value=\"\" type=\"tel\" name=\"phone\" \/><\/span>\n\t\t<\/p>\n\t<\/div>\n<\/div>\n<div class=\"cmsmasters_row_margin cmsmasters_11\">\n\t<div class=\"cmsmasters_column one_first\">\n\t\t<p><br \/>\n<span class=\"wpcf7-form-control-wrap\" data-name=\"your-message\"><textarea cols=\"40\" rows=\"10\" maxlength=\"2000\" class=\"wpcf7-form-control wpcf7-textarea\" aria-invalid=\"false\" placeholder=\"Mesaj\u0131n\u0131z *\" name=\"your-message\"><\/textarea><\/span>\n\t\t<\/p>\n\t<\/div>\n\t<div class=\"cmsmasters_column one_first\">\n\t\t<p><br \/>\n\t\t<span class=\"wpcf7-form-control-wrap recaptcha\" data-name=\"recaptcha\"><span data-sitekey=\"6LcDzgwpAAAAABp9uM2Y5ZmLwl0EfSEuV5Bz23XP\" class=\"wpcf7-form-control wpcf7-recaptcha g-recaptcha\"><\/span>\r\n<noscript>\r\n\t<div class=\"grecaptcha-noscript\">\r\n\t\t<iframe loading=\"lazy\" src=\"https:\/\/www.google.com\/recaptcha\/api\/fallback?k=6LcDzgwpAAAAABp9uM2Y5ZmLwl0EfSEuV5Bz23XP\" frameborder=\"0\" scrolling=\"no\" width=\"310\" height=\"430\">\r\n\t\t<\/iframe>\r\n\t\t<textarea name=\"g-recaptcha-response\" rows=\"3\" cols=\"40\" placeholder=\"reCaptcha Response Here\">\r\n\t\t<\/textarea>\r\n\t<\/div>\r\n<\/noscript>\r\n<\/span>\n\t\t<\/p>\n\t\t<p><input class=\"wpcf7-form-control wpcf7-submit has-spinner\" type=\"submit\" value=\"Formu G\u00f6nder\" \/>\n\t\t<\/p>\n\t<\/div>\n<\/div><div class=\"wpcf7-response-output\" aria-hidden=\"true\"><\/div>\n<\/form>\n<\/div>\n<\/div>\n<\/div><\/div>\n<\/div>\n<\/div>\n<\/div>\n<\/div>\n<\/div>\n\n","protected":false},"excerpt":{"rendered":"","protected":false},"author":1,"featured_media":0,"parent":0,"menu_order":0,"comment_status":"closed","ping_status":"closed","template":"","meta":{"footnotes":""},"class_list":["post-14047","page","type-page","status-publish","hentry"],"_links":{"self":[{"href":"https:\/\/www.elitesistem.com\/index.php\/wp-json\/wp\/v2\/pages\/14047","targetHints":{"allow":["GET"]}}],"collection":[{"href":"https:\/\/www.elitesistem.com\/index.php\/wp-json\/wp\/v2\/pages"}],"about":[{"href":"https:\/\/www.elitesistem.com\/index.php\/wp-json\/wp\/v2\/types\/page"}],"author":[{"embeddable":true,"href":"https:\/\/www.elitesistem.com\/index.php\/wp-json\/wp\/v2\/users\/1"}],"replies":[{"embeddable":true,"href":"https:\/\/www.elitesistem.com\/index.php\/wp-json\/wp\/v2\/comments?post=14047"}],"version-history":[{"count":1,"href":"https:\/\/www.elitesistem.com\/index.php\/wp-json\/wp\/v2\/pages\/14047\/revisions"}],"predecessor-version":[{"id":15286,"href":"https:\/\/www.elitesistem.com\/index.php\/wp-json\/wp\/v2\/pages\/14047\/revisions\/15286"}],"wp:attachment":[{"href":"https:\/\/www.elitesistem.com\/index.php\/wp-json\/wp\/v2\/media?parent=14047"}],"curies":[{"name":"wp","href":"https:\/\/api.w.org\/{rel}","templated":true}]}}