{"id":14044,"date":"2023-11-11T00:56:17","date_gmt":"2023-11-10T21:56:17","guid":{"rendered":"https:\/\/www.elitesistem.com\/?page_id=14044"},"modified":"2023-11-11T00:57:24","modified_gmt":"2023-11-10T21:57:24","slug":"mobil-uygulama","status":"publish","type":"page","link":"https:\/\/www.elitesistem.com\/index.php\/mobil-uygulama","title":{"rendered":"Mobil Uygulama"},"content":{"rendered":"<div id=\"cmsmasters_row_f2jzozzetj\" class=\"cmsmasters_row cmsmasters_color_scheme_default cmsmasters_row_top_default cmsmasters_row_bot_default cmsmasters_row_boxed\">\n<div class=\"cmsmasters_row_outer_parent\">\n<div class=\"cmsmasters_row_outer\">\n<div class=\"cmsmasters_row_inner\">\n<div class=\"cmsmasters_row_margin\">\n<div id=\"cmsmasters_column_901f4646bb\" class=\"cmsmasters_column one_first\">\n<div class=\"cmsmasters_column_inner\"><div class=\"cmsmasters_img  cmsmasters_image_l\"><img decoding=\"async\" src=\"https:\/\/www.elitesistem.com\/wp-content\/uploads\/2023\/11\/gebze-mobil-uygulama-gelistirme.jpg\" alt=\"Gebze Mobil Uygulama Geli\u015ftirme\" \/><\/div>\n<div id=\"cmsmasters_divider_6lcpe6z4c\" class=\"cmsmasters_divider cmsmasters_divider_width_long cmsmasters_divider_pos_center\"><\/div>\n<div id=\"cmsmasters_heading_q1sj09ng6\" class=\"cmsmasters_heading_wrap cmsmasters_heading_align_left\">\n\t<h2 class=\"cmsmasters_heading cmsmasters-icon-thumbs-up-3\">Mobil Uygulama Yaz\u0131l\u0131m Geli\u015ftirme Hizmetleri<\/h2>\n<\/div><div class=\"cmsmasters_text\">\n<div class=\"elementor-element elementor-element-de06b03 elementor-widget elementor-widget-text-editor\" data-id=\"de06b03\" data-element_type=\"widget\" data-widget_type=\"text-editor.default\">\n<div class=\"elementor-widget-container\">\n<p>G\u00fcn\u00fcm\u00fczde kurumlar\u0131n, \u00fcr\u00fcn ve hizmetlerini m\u00fc\u015fteri kitlesine en kolay ve h\u0131zl\u0131 yoldan ula\u015ft\u0131rabilmesi en \u00f6nemli ihtiya\u00e7lardan biridir. Bu nedenle mobil teknolojiler ve ak\u0131ll\u0131 cihazlar online d\u00fcnyada kolay eri\u015fimin anahtar\u0131 haline geldi. Mobil cihazlar\u0131n ortaya \u00e7\u0131k\u0131\u015f\u0131 ve h\u0131zla yayg\u0131nla\u015fmas\u0131yla birlikte bulut servislerinin de h\u0131zl\u0131 geli\u015fimi yeni bir mobilite \u00e7a\u011f\u0131n\u0131n ortaya \u00e7\u0131kmas\u0131na yol a\u00e7t\u0131.<\/p>\n<p>Elite Sistem olarak mobil yaz\u0131l\u0131m ve tasar\u0131m ekibimiz ile kurumsal \u015firketlerin operasyonlar\u0131n\u0131 bu yeni \u00e7a\u011fa adapte edebilmelerine olanak sa\u011fl\u0131yoruz. Sa\u011flad\u0131\u011f\u0131m\u0131z \u00e7\u00f6z\u00fcmler ile \u015firketlere, \u00fcretkenliklerini ve verimliliklerini artt\u0131rmalar\u0131n\u0131, maliyetlerini d\u00fc\u015f\u00fcrmelerini, zaman ve mek\u00e2ndan ba\u011f\u0131ms\u0131z olarak bilgiye ula\u015fabilmeleri konusunda yard\u0131mc\u0131 oluyoruz.<\/p>\n<p>Fikir \u00fcretiminden, hedef pazara \u00fcr\u00fcn teslimine kadar rehberiniz oluyoruz. Proje s\u00fcresince end\u00fcstrinin en iyi uygulamalar\u0131 ve son trendlerinden yararlan\u0131rken, mobil projenizi yap\u0131land\u0131r\u0131yor, tasarl\u0131yor, geli\u015ftiriyor ve uygulamaya ge\u00e7iriyoruz.<\/p>\n<p>Mobil uygulama geli\u015ftirme ekibimizin uzmanl\u0131\u011f\u0131 ve tecr\u00fcbesiyle Android, iOS, Windows Phone ve OS gibi en \u00e7ok kullan\u0131lan mobil platformlar \u00fczerinde, sekt\u00f6r ba\u011f\u0131ms\u0131z, ihtiya\u00e7lar\u0131 kar\u015f\u0131layacak her t\u00fcrl\u00fc uygulamay\u0131 hayata ge\u00e7irebiliriz.<\/p>\n<\/div>\n<\/div>\n<div class=\"elementor-element elementor-element-18f88f2 elementor-widget elementor-widget-heading\" data-id=\"18f88f2\" data-element_type=\"widget\" data-widget_type=\"heading.default\">\n<div class=\"elementor-widget-container\">\n<h6 class=\"elementor-heading-title elementor-size-default\">UX\/UI TASARIM<\/h6>\n<\/div>\n<\/div>\n<div class=\"elementor-element elementor-element-0db3039 elementor-widget elementor-widget-text-editor\" data-id=\"0db3039\" data-element_type=\"widget\" data-widget_type=\"text-editor.default\">\n<div class=\"elementor-widget-container\">\n<p>Elite Sistem, konular\u0131nda uzman ekibi i\u00e7inde mobil cihazlar i\u00e7in kullan\u0131c\u0131 aray\u00fcz\u00fc ve kullan\u0131c\u0131 deneyimi tasar\u0131m uzmanlar\u0131 ile m\u00fc\u015fterileri i\u00e7in en uygun ve en yarat\u0131c\u0131 tasar\u0131m hizmetini sunmaktad\u0131r.\u00a0Elite Sistem, kurumsal kimli\u011finiz ve \u015firket kurallar\u0131n\u0131z do\u011frultusunda \u00e7al\u0131\u015farak, m\u00fc\u015fteri odakl\u0131 tasar\u0131m uygulamalar\u0131n\u0131z\u0131, rekabet\u00e7i pazarda \u00fcr\u00fcnlerinizi di\u011ferlerinden farkl\u0131la\u015ft\u0131racakt\u0131r.<\/p>\n<p>Bilgi mimar\u0131m\u0131z\u0131 ve UI\/UX tasar\u0131m uzmanl\u0131\u011f\u0131m\u0131z\u0131 kullanarak, son kullan\u0131c\u0131lar i\u00e7in kullan\u0131m\u0131 kolay aray\u00fcz\u00fc olu\u015fturmay\u0131 hedefliyoruz.<\/p>\n<\/div>\n<\/div>\n<div class=\"elementor-element elementor-element-306e370 elementor-widget elementor-widget-heading\" data-id=\"306e370\" data-element_type=\"widget\" data-widget_type=\"heading.default\">\n<div class=\"elementor-widget-container\">\n<h6 class=\"elementor-heading-title elementor-size-default\">YAZILIM GEL\u0130\u015eT\u0130RME<\/h6>\n<\/div>\n<\/div>\n<div class=\"elementor-element elementor-element-3196b6d elementor-widget elementor-widget-text-editor\" data-id=\"3196b6d\" data-element_type=\"widget\" data-widget_type=\"text-editor.default\">\n<div class=\"elementor-widget-container\">\n<p>G\u00fcn\u00fcm\u00fczde her ge\u00e7en g\u00fcn mobil cihaz kullan\u0131c\u0131 say\u0131s\u0131 b\u00fcy\u00fck bir h\u0131zla artmaktad\u0131r. Mobil internet ba\u011flant\u0131 h\u0131z\u0131n\u0131n (4.5G), yerel internet h\u0131z\u0131na rakip olmaya ba\u015flamas\u0131 ile \u015firketlerin mobil yaz\u0131l\u0131m ihtiya\u00e7lar\u0131 ka\u00e7\u0131n\u0131lmaz olmu\u015ftur.\u00a0Elite Sistem\u00a0mobil yaz\u0131l\u0131m konusunda deneyimli uzman ekibiyle, Web, mobil ve Ak\u0131ll\u0131 TV \u00e7\u00f6z\u00fcmleri gibi her t\u00fcrl\u00fc mobil platformda \u015firketlerin ihtiya\u00e7lar\u0131na uygun mobil yaz\u0131l\u0131mlar \u00fcretmektedir.<\/p>\n<p>&nbsp;<\/p>\n<p>E\u011fer mobil uygulama ihtiyac\u0131n\u0131z var ise bizimle ileti\u015fime ge\u00e7meniz yeterlidir. Mobil uygulaman\u0131z\u0131n projelendirme, analiz s\u00fcrecinden uygulama ma\u011fazas\u0131nda yay\u0131nland\u0131\u011f\u0131 tarihe kadar t\u00fcm s\u00fcre\u00e7lerde yan\u0131n\u0131zday\u0131z.<\/p>\n<\/div>\n<\/div>\n<\/div>\n<div id=\"cmsmasters_heading_hz2psxup8j\" class=\"cmsmasters_heading_wrap cmsmasters_heading_align_left\">\n\t<h2 class=\"cmsmasters_heading cmsmasters-icon-help-2\">Bu alandaki hizmetlerimiz;<\/h2>\n<\/div>\n<div id=\"cmsmasters_divider_k998r22ukv\" class=\"cmsmasters_divider cmsmasters_divider_width_long cmsmasters_divider_pos_center\"><\/div>\n<\/div><\/div>\n<\/div>\n<\/div>\n<\/div>\n<\/div>\n<\/div>\n<div id=\"cmsmasters_row_q4prhm1859\" class=\"cmsmasters_row cmsmasters_color_scheme_default cmsmasters_row_top_default cmsmasters_row_bot_default cmsmasters_row_boxed\">\n<div class=\"cmsmasters_row_outer_parent\">\n<div class=\"cmsmasters_row_outer\">\n<div class=\"cmsmasters_row_inner\">\n<div class=\"cmsmasters_row_margin\">\n<div id=\"cmsmasters_column_ae9eb90eb1\" class=\"cmsmasters_column one_first\">\n<div class=\"cmsmasters_column_inner\"><div class=\"cmsmasters_text\" data-animation=\"fadeIn\" data-delay=\"0\">\n<ul>\n<li>iOS: iPhone ve iPad Uygulama Geli\u015ftirme<\/li>\n<li>Android Phone ve Android Tablet Uygulama Geli\u015ftirme<\/li>\n<li>Blackberry &amp; Playbook Uygulama Geli\u015ftirme<\/li>\n<li>Mobile Web, HTML5 &amp; Mobile Gateways<\/li>\n<li>Windows 10-11 Uygulama Geli\u015ftirme<\/li>\n<li>Ak\u0131ll\u0131 TV Uygulama Geli\u015ftirme<\/li>\n<\/ul>\n<\/div>\n<\/div><\/div>\n<\/div>\n<\/div>\n<\/div>\n<\/div>\n<\/div>\n<div id=\"cmsmasters_row_rwp2oyfywa\" class=\"cmsmasters_row cmsmasters_color_scheme_default cmsmasters_row_top_default cmsmasters_row_bot_default cmsmasters_row_boxed\">\n<div class=\"cmsmasters_row_outer_parent\">\n<div class=\"cmsmasters_row_outer\">\n<div class=\"cmsmasters_row_inner\">\n<div class=\"cmsmasters_row_margin\">\n<div id=\"cmsmasters_column_4a2d892c3a\" class=\"cmsmasters_column one_first\">\n<div class=\"cmsmasters_column_inner\"><div class=\"cmsmasters_text\">\n<p>Mobil Uygulama Yaz\u0131l\u0131m Geli\u015ftirme Hizmetleri Android, iOS, Windows Phone ve BlackBerry OS gibi en \u00e7ok kullan\u0131lan mobil platformlar \u00fczerinde, sekt\u00f6r ba\u011f\u0131ms\u0131z, ihtiya\u00e7lar\u0131 kar\u015f\u0131layacak her t\u00fcrl\u00fc uygulamay\u0131 hayata ge\u00e7irebiliriz.<\/p>\n<\/div>\n<div id=\"cmsmasters_heading_vtnwb0bmxc\" class=\"cmsmasters_heading_wrap cmsmasters_heading_align_left\">\n\t<h2 class=\"cmsmasters_heading cmsmasters-icon-rocket-2\">Yaz\u0131l\u0131m Geli\u015ftirme S\u00fcrecimiz:<\/h2>\n<\/div><div class=\"cmsmasters_toggles toggles_mode_toggle\">\n<div class=\"cmsmasters_toggle_wrap\" data-tags=\"all \">\n<div class=\"cmsmasters_toggle_title\">\n<span class=\"cmsmasters_toggle_plus\">\n<span class=\"cmsmasters_toggle_plus_hor\"><\/span>\n<span class=\"cmsmasters_toggle_plus_vert\"><\/span>\n<\/span>\n<a href=\"#\">Analiz ve Projelendirme:<\/a>\n<\/div>\n<div class=\"cmsmasters_toggle\">\n<div class=\"cmsmasters_toggle_inner\">\n<p>\u00d6zel istek ve hedefler dinlenilerek, i\u015fin, sekt\u00f6r\u00fcn varsa aksayan sistemin analizi yap\u0131larak konu ile ilgili dok\u00fcman\u0131n olu\u015fturulmas\u0131 ve yap\u0131lacak \u00e7al\u0131\u015fman\u0131n t\u00fcm detaylar\u0131 ile projelendirilmesinin ve i\u015f plan\u0131n\u0131n olu\u015fturulmas\u0131 s\u00fcrecidir.<\/p>\n<\/div>\n<\/div>\n<\/div><div class=\"cmsmasters_toggle_wrap\" data-tags=\"all \">\n<div class=\"cmsmasters_toggle_title\">\n<span class=\"cmsmasters_toggle_plus\">\n<span class=\"cmsmasters_toggle_plus_hor\"><\/span>\n<span class=\"cmsmasters_toggle_plus_vert\"><\/span>\n<\/span>\n<a href=\"#\">Geli\u015ftirme ve Kodlama:<\/a>\n<\/div>\n<div class=\"cmsmasters_toggle\">\n<div class=\"cmsmasters_toggle_inner\">\n<p>Analiz ve projelendirme s\u00fcrecinde t\u00fcm detaylar\u0131 belirlenmi\u015f olan \u00e7al\u0131\u015fman\u0131n database ve kodlama yap\u0131s\u0131 i\u00e7in mimari tasar\u0131m yap\u0131larak en uygun ve esnek yap\u0131 olu\u015fturulur. Kullan\u0131c\u0131 ve y\u00f6netici ara y\u00fcz tasar\u0131mlar\u0131 haz\u0131rlan\u0131r.<\/p>\n<\/div>\n<\/div>\n<\/div><div class=\"cmsmasters_toggle_wrap\" data-tags=\"all \">\n<div class=\"cmsmasters_toggle_title\">\n<span class=\"cmsmasters_toggle_plus\">\n<span class=\"cmsmasters_toggle_plus_hor\"><\/span>\n<span class=\"cmsmasters_toggle_plus_vert\"><\/span>\n<\/span>\n<a href=\"#\">Test \/ S\u0131nama:<\/a>\n<\/div>\n<div class=\"cmsmasters_toggle\">\n<div class=\"cmsmasters_toggle_inner\">\n<p>Proje i\u00e7in haz\u0131rlanan kodlarla proje detaylar\u0131n\u0131n kar\u015f\u0131la\u015ft\u0131r\u0131ld\u0131\u011f\u0131, kullan\u0131c\u0131 ve y\u00f6netici testleri ger\u00e7ekle\u015ftirilerek edinilen t\u00fcm verilerin raporland\u0131\u011f\u0131 s\u00fcre\u00e7tir. Test verileri sonucunda i\u015fin durumu g\u00f6zden ge\u00e7irilir ve en m\u00fckemmel sonu\u00e7 elde edilinceye kadar test s\u00fcreci devam edilir.<\/p>\n<\/div>\n<\/div>\n<\/div><div class=\"cmsmasters_toggle_wrap\" data-tags=\"all \">\n<div class=\"cmsmasters_toggle_title\">\n<span class=\"cmsmasters_toggle_plus\">\n<span class=\"cmsmasters_toggle_plus_hor\"><\/span>\n<span class=\"cmsmasters_toggle_plus_vert\"><\/span>\n<\/span>\n<a href=\"#\">Uyarlama:<\/a>\n<\/div>\n<div class=\"cmsmasters_toggle\">\n<div class=\"cmsmasters_toggle_inner\">\n<p>T\u00fcm testlerden olumlu sonu\u00e7 alan uygulama en son g\u00fcvenlik testleri ve g\u00fcvenlik uygulamas\u0131 entegrasyonu ile uygulamaya haz\u0131r hale getirilir. Sistem kullan\u0131m e\u011fitimi verilir. Haz\u0131r olan \u00e7al\u0131\u015fma kurulum yap\u0131lmak \u00fczere m\u00fc\u015fteriye teslim edilir.<\/p>\n<\/div>\n<\/div>\n<\/div><div class=\"cmsmasters_toggle_wrap\" data-tags=\"all \">\n<div class=\"cmsmasters_toggle_title\">\n<span class=\"cmsmasters_toggle_plus\">\n<span class=\"cmsmasters_toggle_plus_hor\"><\/span>\n<span class=\"cmsmasters_toggle_plus_vert\"><\/span>\n<\/span>\n<a href=\"#\">\u0130\u015fletim (Bak\u0131m \/ Destek):<\/a>\n<\/div>\n<div class=\"cmsmasters_toggle\">\n<div class=\"cmsmasters_toggle_inner\">\n<p>Yaz\u0131l\u0131m bak\u0131m ve deste\u011fi sunulur. D\u0131\u015f destek kayna\u011f\u0131 ve i\u00e7erik y\u00f6netimi hizmetleri sa\u011flan\u0131r.<\/p>\n<\/div>\n<\/div>\n<\/div><\/div>\n<\/div><\/div>\n<\/div>\n<\/div>\n<\/div>\n<\/div>\n<\/div>\n<div id=\"cmsmasters_row_w6t7t6qhwq\" class=\"cmsmasters_row cmsmasters_color_scheme_default cmsmasters_row_top_default cmsmasters_row_bot_default cmsmasters_row_boxed\">\n<div class=\"cmsmasters_row_outer_parent\">\n<div class=\"cmsmasters_row_outer\">\n<div class=\"cmsmasters_row_inner\">\n<div class=\"cmsmasters_row_margin\">\n<div id=\"cmsmasters_column_f2f5163d2d\" class=\"cmsmasters_column one_first\">\n<div class=\"cmsmasters_column_inner\">\n<div id=\"cmsmasters_divider_fdlvrorzsn\" class=\"cmsmasters_divider cmsmasters_divider_width_long cmsmasters_divider_pos_center\"><\/div>\n<div id=\"cmsmasters_heading_fx24038umd\" class=\"cmsmasters_heading_wrap cmsmasters_heading_align_left\">\n\t<h2 class=\"cmsmasters_heading\">Talep Formu<\/h2>\n<\/div><div id=\"cmsmasters_heading_rf35z4yp6c\" class=\"cmsmasters_heading_wrap cmsmasters_heading_align_left\">\n\t<h2 class=\"cmsmasters_heading\">A\u015fa\u011f\u0131daki Formu Doldurarak Talepte Bulunabilirsiniz.<\/h2>\n<\/div>\n<div class=\"cmsmasters_contact_form\" data-animation=\"fadeIn\" data-delay=\"0\">\n<div class=\"wpcf7 no-js\" id=\"wpcf7-f13068-o1\" lang=\"en-US\" dir=\"ltr\" data-wpcf7-id=\"13068\">\n<div class=\"screen-reader-response\"><p role=\"status\" aria-live=\"polite\" aria-atomic=\"true\"><\/p> <ul><\/ul><\/div>\n<form action=\"\/index.php\/wp-json\/wp\/v2\/pages\/14044#wpcf7-f13068-o1\" method=\"post\" class=\"wpcf7-form init\" aria-label=\"Contact form\" novalidate=\"novalidate\" data-status=\"init\">\n<fieldset class=\"hidden-fields-container\"><input type=\"hidden\" name=\"_wpcf7\" value=\"13068\" \/><input type=\"hidden\" name=\"_wpcf7_version\" value=\"6.1.5\" \/><input type=\"hidden\" name=\"_wpcf7_locale\" value=\"en_US\" \/><input type=\"hidden\" name=\"_wpcf7_unit_tag\" value=\"wpcf7-f13068-o1\" \/><input type=\"hidden\" name=\"_wpcf7_container_post\" value=\"0\" \/><input type=\"hidden\" name=\"_wpcf7_posted_data_hash\" value=\"\" \/><input type=\"hidden\" name=\"_wpcf7_recaptcha_response\" value=\"\" \/>\n<\/fieldset>\n<div class=\"cmsmasters_row_margin cmsmasters_1212\">\n\t<div class=\"cmsmasters_column one_half\">\n\t\t<p><br \/>\n<span class=\"wpcf7-form-control-wrap\" data-name=\"menu-372\"><select class=\"wpcf7-form-control wpcf7-select\" aria-invalid=\"false\" name=\"menu-372\"><option value=\"Hizmet Se\u00e7imi\">Hizmet Se\u00e7imi<\/option><option value=\"T\u0131r Kantar\u0131\">T\u0131r Kantar\u0131<\/option><option value=\"T\u0131r Kantar\u0131 Servis\">T\u0131r Kantar\u0131 Servis<\/option><option value=\"\u00d6zel Yaz\u0131l\u0131m Geli\u015ftirme\">\u00d6zel Yaz\u0131l\u0131m Geli\u015ftirme<\/option><option value=\"DBA Kantar Program\u0131\">DBA Kantar Program\u0131<\/option><option value=\"\u00c7evre Bakanl\u0131\u011f\u0131 Kantar Program\u0131\">\u00c7evre Bakanl\u0131\u011f\u0131 Kantar Program\u0131<\/option><option value=\"Standart Kantar Program\u0131\">Standart Kantar Program\u0131<\/option><option value=\"Online Kantar Program\u0131\">Online Kantar Program\u0131<\/option><option value=\"Luca Entegre Kantar Program\u0131\">Luca Entegre Kantar Program\u0131<\/option><option value=\"U-ETDS Sistemi\">U-ETDS Sistemi<\/option><option value=\"Di\u011fer Yaz\u0131l\u0131mlar\">Di\u011fer Yaz\u0131l\u0131mlar<\/option><option value=\"Ak\u0131ll\u0131 Devriye Tur Kontrol\">Ak\u0131ll\u0131 Devriye Tur Kontrol<\/option><\/select><\/span>\n\t\t<\/p>\n\t\t<p><br \/>\n<span class=\"wpcf7-form-control-wrap\" data-name=\"your-name\"><input size=\"40\" maxlength=\"400\" class=\"wpcf7-form-control wpcf7-text\" aria-invalid=\"false\" placeholder=\"Ad\u0131n\u0131z\" value=\"\" type=\"text\" name=\"your-name\" \/><\/span>\n\t\t<\/p>\n\t\t<p><br \/>\n<span class=\"wpcf7-form-control-wrap\" data-name=\"your-email\"><input size=\"40\" maxlength=\"400\" class=\"wpcf7-form-control wpcf7-text\" aria-invalid=\"false\" placeholder=\"E-mail\" value=\"\" type=\"text\" name=\"your-email\" \/><\/span>\n\t\t<\/p>\n\t<\/div>\n\t<div class=\"cmsmasters_column one_half\">\n\t\t<p><br \/>\n<span class=\"wpcf7-form-control-wrap\" data-name=\"menu-376\"><select class=\"wpcf7-form-control wpcf7-select\" aria-invalid=\"false\" name=\"menu-376\"><option value=\"Konu\">Konu<\/option><option value=\"Fiyat Teklifi\">Fiyat Teklifi<\/option><option value=\"Destek\">Destek<\/option><option value=\"Lisans Yenileme\">Lisans Yenileme<\/option><option value=\"Yeni Kurulum\">Yeni Kurulum<\/option><option value=\"\u00d6neri\">\u00d6neri<\/option><\/select><\/span>\n\t\t<\/p>\n\t\t<p><br \/>\n<span class=\"wpcf7-form-control-wrap\" data-name=\"phone\"><input size=\"40\" maxlength=\"400\" class=\"wpcf7-form-control wpcf7-tel wpcf7-text wpcf7-validates-as-tel\" aria-invalid=\"false\" placeholder=\"Telefon\" value=\"\" type=\"tel\" name=\"phone\" \/><\/span>\n\t\t<\/p>\n\t<\/div>\n<\/div>\n<div class=\"cmsmasters_row_margin cmsmasters_11\">\n\t<div class=\"cmsmasters_column one_first\">\n\t\t<p><br \/>\n<span class=\"wpcf7-form-control-wrap\" data-name=\"your-message\"><textarea cols=\"40\" rows=\"10\" maxlength=\"2000\" class=\"wpcf7-form-control wpcf7-textarea\" aria-invalid=\"false\" placeholder=\"Mesaj\u0131n\u0131z *\" name=\"your-message\"><\/textarea><\/span>\n\t\t<\/p>\n\t<\/div>\n\t<div class=\"cmsmasters_column one_first\">\n\t\t<p><br \/>\n\t\t<span class=\"wpcf7-form-control-wrap recaptcha\" data-name=\"recaptcha\"><span data-sitekey=\"6LcDzgwpAAAAABp9uM2Y5ZmLwl0EfSEuV5Bz23XP\" class=\"wpcf7-form-control wpcf7-recaptcha g-recaptcha\"><\/span>\r\n<noscript>\r\n\t<div class=\"grecaptcha-noscript\">\r\n\t\t<iframe loading=\"lazy\" src=\"https:\/\/www.google.com\/recaptcha\/api\/fallback?k=6LcDzgwpAAAAABp9uM2Y5ZmLwl0EfSEuV5Bz23XP\" frameborder=\"0\" scrolling=\"no\" width=\"310\" height=\"430\">\r\n\t\t<\/iframe>\r\n\t\t<textarea name=\"g-recaptcha-response\" rows=\"3\" cols=\"40\" placeholder=\"reCaptcha Response Here\">\r\n\t\t<\/textarea>\r\n\t<\/div>\r\n<\/noscript>\r\n<\/span>\n\t\t<\/p>\n\t\t<p><input class=\"wpcf7-form-control wpcf7-submit has-spinner\" type=\"submit\" value=\"Formu G\u00f6nder\" \/>\n\t\t<\/p>\n\t<\/div>\n<\/div><div class=\"wpcf7-response-output\" aria-hidden=\"true\"><\/div>\n<\/form>\n<\/div>\n<\/div>\n<\/div><\/div>\n<\/div>\n<\/div>\n<\/div>\n<\/div>\n<\/div>\n\n","protected":false},"excerpt":{"rendered":"","protected":false},"author":1,"featured_media":0,"parent":0,"menu_order":0,"comment_status":"closed","ping_status":"closed","template":"","meta":{"footnotes":""},"class_list":["post-14044","page","type-page","status-publish","hentry"],"_links":{"self":[{"href":"https:\/\/www.elitesistem.com\/index.php\/wp-json\/wp\/v2\/pages\/14044","targetHints":{"allow":["GET"]}}],"collection":[{"href":"https:\/\/www.elitesistem.com\/index.php\/wp-json\/wp\/v2\/pages"}],"about":[{"href":"https:\/\/www.elitesistem.com\/index.php\/wp-json\/wp\/v2\/types\/page"}],"author":[{"embeddable":true,"href":"https:\/\/www.elitesistem.com\/index.php\/wp-json\/wp\/v2\/users\/1"}],"replies":[{"embeddable":true,"href":"https:\/\/www.elitesistem.com\/index.php\/wp-json\/wp\/v2\/comments?post=14044"}],"version-history":[{"count":0,"href":"https:\/\/www.elitesistem.com\/index.php\/wp-json\/wp\/v2\/pages\/14044\/revisions"}],"wp:attachment":[{"href":"https:\/\/www.elitesistem.com\/index.php\/wp-json\/wp\/v2\/media?parent=14044"}],"curies":[{"name":"wp","href":"https:\/\/api.w.org\/{rel}","templated":true}]}}