{"id":12559,"date":"2016-09-16T10:27:43","date_gmt":"2016-09-16T10:27:43","guid":{"rendered":"http:\/\/medical-clinic.cmsmasters.net\/?page_id=12559"},"modified":"2023-11-18T00:34:02","modified_gmt":"2023-11-17T21:34:02","slug":"firmaniza-ozel-yazilim","status":"publish","type":"page","link":"https:\/\/www.elitesistem.com\/index.php\/firmaniza-ozel-yazilim","title":{"rendered":"Firman\u0131za \u00d6zel Yaz\u0131l\u0131m"},"content":{"rendered":"<div id=\"cmsmasters_row_834fbd06f9\" class=\"cmsmasters_row cmsmasters_color_scheme_default cmsmasters_row_top_default cmsmasters_row_bot_default cmsmasters_row_boxed\">\n<div class=\"cmsmasters_row_outer_parent\">\n<div class=\"cmsmasters_row_outer\">\n<div class=\"cmsmasters_row_inner\">\n<div class=\"cmsmasters_row_margin\">\n<div id=\"cmsmasters_column_901f4646bb\" class=\"cmsmasters_column one_first\">\n<div class=\"cmsmasters_column_inner\"><div class=\"cmsmasters_img  cmsmasters_image_l\"><img decoding=\"async\" src=\"https:\/\/www.elitesistem.com\/wp-content\/uploads\/2023\/11\/gebze-ozel-yazilim.jpg\" alt=\"Gebze \u00d6zel Yaz\u0131l\u0131m Hizmetleri\" \/><\/div>\n<div id=\"cmsmasters_divider_3a0d9af80b\" class=\"cmsmasters_divider cmsmasters_divider_width_long cmsmasters_divider_pos_center\"><\/div>\n<div id=\"cmsmasters_heading_494f3b0e33\" class=\"cmsmasters_heading_wrap cmsmasters_heading_align_left\">\n\t<h2 class=\"cmsmasters_heading cmsmasters-icon-thumbs-up-3\">Firman\u0131z\u0131n \u0130htiya\u00e7lar\u0131na \u00d6zel Yaz\u0131l\u0131m<\/h2>\n<\/div><div class=\"cmsmasters_text\">\n<p><strong>Firman\u0131za \u00d6zel Yaz\u0131l\u0131m<\/strong>, \u0130htiya\u00e7 duydu\u011funuz \u015firketinize ve sekt\u00f6reler \u00f6zel yaz\u0131l\u0131m \u00e7\u00f6z\u00fcm\u00fc ar\u0131yor olabilirsiniz. \u015eirketinizdeki, i\u015f hedeflerinizde beklentileriniz \u00f6zel olabilir. De\u011fi\u015fen ve geli\u015fen sekt\u00f6rde i\u015fletmenize ve markan\u0131za de\u011fer katacak hizmet sa\u011flamay\u0131 hedefleyebilirsiniz. Uygulaman\u0131z\u0131n ba\u015fka sistemlerle entegre \u00e7al\u0131\u015fabilmesi, i\u015f ak\u0131\u015flar\u0131n\u0131za g\u00f6re de\u011fi\u015fmesi veya \u00f6zel, detayl\u0131 derinlemesine rapor gereksinimleri gibi bir\u00e7ok talepleriniz olabilir.<\/p>\n<p>B\u00f6yle durumlarda haz\u0131r paket programlar yetersiz kal\u0131r, yaz\u0131l\u0131m\u0131n\u0131z\u0131n g\u00fcvenli, h\u0131zl\u0131, y\u00fcksek, kaliteli, performansl\u0131 ve \u00f6zel bir ara y\u00fcz ile sorunsuz olarak \u00e7al\u0131\u015fabilmesi gibi istek ve ihtiya\u00e7lar\u0131n\u0131z sizi \u00f6zel <strong><a href=\"https:\/\/www.elitesistem.com\/index.php\/firmaniza-ozel-yazilim\">yaz\u0131l\u0131m geli\u015ftirme<\/a><\/strong> hizmeti almaya do\u011fru y\u00f6neltir.<\/p>\n<p><strong><a href=\"https:\/\/www.elitesistem.com\/index.php\/firmaniza-ozel-yazilim\">Elite Sistem<\/a><\/strong>, 20 Y\u0131l\u0131 a\u015fk\u0131n tecr\u00fcbesi ile ihtiya\u00e7 duydu\u011funuz \u00f6zel yaz\u0131l\u0131m geli\u015ftirmesinde sizlere \u00f6zel ve net \u00e7\u00f6z\u00fcmler sunmaktad\u0131r.<\/p>\n<\/div>\n<div id=\"cmsmasters_heading_hzkdlmn8au\" class=\"cmsmasters_heading_wrap cmsmasters_heading_align_left\">\n\t<h2 class=\"cmsmasters_heading cmsmasters-icon-help-2\">Neden, \u00d6zel Yaz\u0131l\u0131m Geli\u015ftirme Hizmeti Almal\u0131s\u0131n\u0131z?<\/h2>\n<\/div>\n<div id=\"cmsmasters_divider_93a9f5a7dd\" class=\"cmsmasters_divider cmsmasters_divider_width_long cmsmasters_divider_pos_center\"><\/div>\n<\/div><\/div>\n<\/div>\n<\/div>\n<\/div>\n<\/div>\n<\/div>\n<div id=\"cmsmasters_row_391b202209\" class=\"cmsmasters_row cmsmasters_color_scheme_default cmsmasters_row_top_default cmsmasters_row_bot_default cmsmasters_row_boxed\">\n<div class=\"cmsmasters_row_outer_parent\">\n<div class=\"cmsmasters_row_outer\">\n<div class=\"cmsmasters_row_inner\">\n<div class=\"cmsmasters_row_margin\">\n<div id=\"cmsmasters_column_ae9eb90eb1\" class=\"cmsmasters_column one_third\">\n<div class=\"cmsmasters_column_inner\"><div class=\"cmsmasters_text\" data-animation=\"fadeIn\" data-delay=\"0\">\n<ul>\n<li>\u015eirketinizin, maliyetlerini d\u00fc\u015f\u00fcrmek,<\/li>\n<li>Maliyetleri \u00f6nceden tahmin etmek,<\/li>\n<li>\u0130\u015f verimlili\u011fini art\u0131rmak,<\/li>\n<li>\u0130\u015f g\u00fcc\u00fc maliyetini azaltmak,<\/li>\n<\/ul>\n<\/div>\n<\/div><\/div>\n<div id=\"cmsmasters_column_aeb1857461\" class=\"cmsmasters_column one_third\">\n<div class=\"cmsmasters_column_inner\"><div class=\"cmsmasters_text\" data-animation=\"fadeIn\" data-delay=\"0\">\n<ul>\n<li>Zamandan tasarruf sa\u011flamak,<\/li>\n<li>Projelere s\u00fcratle hayata ge\u00e7irmek,<\/li>\n<li>As\u0131l i\u015finize odaklanmak,<\/li>\n<li>Riskleri azaltmak,<\/li>\n<\/ul>\n<\/div>\n<\/div><\/div>\n<div id=\"cmsmasters_column_92434c992d\" class=\"cmsmasters_column one_third\">\n<div class=\"cmsmasters_column_inner\"><div class=\"cmsmasters_text\" data-animation=\"fadeIn\" data-delay=\"0\">\n<ul>\n<li>M\u00fckerrer i\u015flerden kurtulmak,<\/li>\n<li>Yaz\u0131l\u0131ma istenilen yerden eri\u015fmek,<\/li>\n<li>Entegre \u00e7al\u0131\u015fan bir sistem yaratmak,<\/li>\n<li>PC MAC Tablet ve Telefon ile Eri\u015fim.<\/li>\n<\/ul>\n<\/div>\n<\/div><\/div>\n<\/div>\n<\/div>\n<\/div>\n<\/div>\n<\/div>\n<div id=\"cmsmasters_row_412261098b\" class=\"cmsmasters_row cmsmasters_color_scheme_default cmsmasters_row_top_default cmsmasters_row_bot_default cmsmasters_row_boxed\">\n<div class=\"cmsmasters_row_outer_parent\">\n<div class=\"cmsmasters_row_outer\">\n<div class=\"cmsmasters_row_inner\">\n<div class=\"cmsmasters_row_margin\">\n<div id=\"cmsmasters_column_4a2d892c3a\" class=\"cmsmasters_column one_first\">\n<div class=\"cmsmasters_column_inner\"><div class=\"cmsmasters_text\">\n<p>Bir\u00e7ok \u00f6zel yaz\u0131l\u0131m projesini b\u00fcnyesinde hayata ge\u00e7iren Elite Sistem, <strong>Firman\u0131za \u00d6zel Yaz\u0131l\u0131m<\/strong> konusunda <a href=\"https:\/\/onlinekantar.net\/\" target=\"_blank\" rel=\"noopener\">profesyonel<\/a> tecr\u00fcbesi ve s\u0131n\u0131rs\u0131z donan\u0131m programlama, s\u0131n\u0131rs\u0131z platform programlama ile siz de\u011ferli m\u00fc\u015fterilerinin her zaman yan\u0131nda bulunmaktad\u0131r.<\/p>\n<p>Profesyonel kadromuzla, Elite Sistem kapsaml\u0131 ve <a href=\"https:\/\/onlinekantar.net\/\" target=\"_blank\" rel=\"noopener\">karma\u015f\u0131k projeleri<\/a> ba\u015far\u0131 ile sonu\u00e7land\u0131rm\u0131\u015ft\u0131r. Analiz, tasar\u0131m, kodlama, <a href=\"https:\/\/akillidevriye.com.tr\/login.php\" target=\"_blank\" rel=\"noopener\">test ve uygulama<\/a> s\u00fcre\u00e7lerini en etkin bi\u00e7imde izleyerek yaz\u0131l\u0131m projesi ihtiya\u00e7lar\u0131n\u0131za profesyonelce \u00e7\u00f6z\u00fcmler getirmekteyiz.<\/p>\n<\/div>\n<div id=\"cmsmasters_heading_m3q1ykxbxe\" class=\"cmsmasters_heading_wrap cmsmasters_heading_align_left\">\n\t<h2 class=\"cmsmasters_heading cmsmasters-icon-rocket-2\">Yaz\u0131l\u0131m Geli\u015ftirme S\u00fcrecimiz:<\/h2>\n<\/div><div class=\"cmsmasters_toggles toggles_mode_toggle\">\n<div class=\"cmsmasters_toggle_wrap\" data-tags=\"all \">\n<div class=\"cmsmasters_toggle_title\">\n<span class=\"cmsmasters_toggle_plus\">\n<span class=\"cmsmasters_toggle_plus_hor\"><\/span>\n<span class=\"cmsmasters_toggle_plus_vert\"><\/span>\n<\/span>\n<a href=\"#\">Analiz ve Projelendirme:<\/a>\n<\/div>\n<div class=\"cmsmasters_toggle\">\n<div class=\"cmsmasters_toggle_inner\">\n<p>\u00d6zel istek ve hedefler dinlenilerek, i\u015fin, sekt\u00f6r\u00fcn varsa aksayan sistemin analizi yap\u0131larak konu ile ilgili dok\u00fcman\u0131n olu\u015fturulmas\u0131 ve yap\u0131lacak \u00e7al\u0131\u015fman\u0131n t\u00fcm detaylar\u0131 ile projelendirilmesinin ve i\u015f plan\u0131n\u0131n olu\u015fturulmas\u0131 s\u00fcrecidir.<\/p>\n<\/div>\n<\/div>\n<\/div><div class=\"cmsmasters_toggle_wrap\" data-tags=\"all \">\n<div class=\"cmsmasters_toggle_title\">\n<span class=\"cmsmasters_toggle_plus\">\n<span class=\"cmsmasters_toggle_plus_hor\"><\/span>\n<span class=\"cmsmasters_toggle_plus_vert\"><\/span>\n<\/span>\n<a href=\"#\">Geli\u015ftirme ve Kodlama:<\/a>\n<\/div>\n<div class=\"cmsmasters_toggle\">\n<div class=\"cmsmasters_toggle_inner\">\n<p>Analiz ve projelendirme s\u00fcrecinde t\u00fcm detaylar\u0131 belirlenmi\u015f olan \u00e7al\u0131\u015fman\u0131n database ve kodlama yap\u0131s\u0131 i\u00e7in mimari tasar\u0131m yap\u0131larak en uygun ve esnek yap\u0131 olu\u015fturulur. Kullan\u0131c\u0131 ve y\u00f6netici ara y\u00fcz tasar\u0131mlar\u0131 haz\u0131rlan\u0131r.<\/p>\n<\/div>\n<\/div>\n<\/div><div class=\"cmsmasters_toggle_wrap\" data-tags=\"all \">\n<div class=\"cmsmasters_toggle_title\">\n<span class=\"cmsmasters_toggle_plus\">\n<span class=\"cmsmasters_toggle_plus_hor\"><\/span>\n<span class=\"cmsmasters_toggle_plus_vert\"><\/span>\n<\/span>\n<a href=\"#\">Test \/ S\u0131nama:<\/a>\n<\/div>\n<div class=\"cmsmasters_toggle\">\n<div class=\"cmsmasters_toggle_inner\">\n<p>Proje i\u00e7in haz\u0131rlanan kodlarla proje detaylar\u0131n\u0131n kar\u015f\u0131la\u015ft\u0131r\u0131ld\u0131\u011f\u0131, kullan\u0131c\u0131 ve y\u00f6netici testleri ger\u00e7ekle\u015ftirilerek edinilen t\u00fcm verilerin raporland\u0131\u011f\u0131 s\u00fcre\u00e7tir. Test verileri sonucunda i\u015fin durumu g\u00f6zden ge\u00e7irilir ve en m\u00fckemmel sonu\u00e7 elde edilinceye kadar test s\u00fcreci devam edilir.<\/p>\n<\/div>\n<\/div>\n<\/div><div class=\"cmsmasters_toggle_wrap\" data-tags=\"all \">\n<div class=\"cmsmasters_toggle_title\">\n<span class=\"cmsmasters_toggle_plus\">\n<span class=\"cmsmasters_toggle_plus_hor\"><\/span>\n<span class=\"cmsmasters_toggle_plus_vert\"><\/span>\n<\/span>\n<a href=\"#\">Uyarlama:<\/a>\n<\/div>\n<div class=\"cmsmasters_toggle\">\n<div class=\"cmsmasters_toggle_inner\">\n<p>T\u00fcm testlerden olumlu sonu\u00e7 alan uygulama en son g\u00fcvenlik testleri ve g\u00fcvenlik uygulamas\u0131 entegrasyonu ile uygulamaya haz\u0131r hale getirilir. Sistem kullan\u0131m e\u011fitimi verilir. Haz\u0131r olan \u00e7al\u0131\u015fma kurulum yap\u0131lmak \u00fczere m\u00fc\u015fteriye teslim edilir.<\/p>\n<\/div>\n<\/div>\n<\/div><div class=\"cmsmasters_toggle_wrap\" data-tags=\"all \">\n<div class=\"cmsmasters_toggle_title\">\n<span class=\"cmsmasters_toggle_plus\">\n<span class=\"cmsmasters_toggle_plus_hor\"><\/span>\n<span class=\"cmsmasters_toggle_plus_vert\"><\/span>\n<\/span>\n<a href=\"#\">\u0130\u015fletim (Bak\u0131m \/ Destek):<\/a>\n<\/div>\n<div class=\"cmsmasters_toggle\">\n<div class=\"cmsmasters_toggle_inner\">\n<p>Yaz\u0131l\u0131m bak\u0131m ve deste\u011fi sunulur. D\u0131\u015f destek kayna\u011f\u0131 ve i\u00e7erik y\u00f6netimi hizmetleri sa\u011flan\u0131r.<\/p>\n<\/div>\n<\/div>\n<\/div><\/div>\n<\/div><\/div>\n<\/div>\n<\/div>\n<\/div>\n<\/div>\n<\/div>\n<div id=\"cmsmasters_row_e73c7182b0\" class=\"cmsmasters_row cmsmasters_color_scheme_default cmsmasters_row_top_default cmsmasters_row_bot_default cmsmasters_row_boxed\">\n<div class=\"cmsmasters_row_outer_parent\">\n<div class=\"cmsmasters_row_outer\">\n<div class=\"cmsmasters_row_inner\">\n<div class=\"cmsmasters_row_margin\">\n<div id=\"cmsmasters_column_f2f5163d2d\" class=\"cmsmasters_column one_first\">\n<div class=\"cmsmasters_column_inner\">\n<div id=\"cmsmasters_divider_mcn73imxa\" class=\"cmsmasters_divider cmsmasters_divider_width_long cmsmasters_divider_pos_center\"><\/div>\n<div id=\"cmsmasters_heading_4fabff070c\" class=\"cmsmasters_heading_wrap cmsmasters_heading_align_left\">\n\t<h2 class=\"cmsmasters_heading\">Talep Formu<\/h2>\n<\/div><div id=\"cmsmasters_heading_ff12c41c08\" class=\"cmsmasters_heading_wrap cmsmasters_heading_align_left\">\n\t<h2 class=\"cmsmasters_heading\">A\u015fa\u011f\u0131daki Formu Doldurarak Talepte Bulunabilirsiniz.<\/h2>\n<\/div>\n<div class=\"cmsmasters_contact_form\" data-animation=\"fadeIn\" data-delay=\"0\">\n<div class=\"wpcf7 no-js\" id=\"wpcf7-f13068-o1\" lang=\"en-US\" dir=\"ltr\" data-wpcf7-id=\"13068\">\n<div class=\"screen-reader-response\"><p role=\"status\" aria-live=\"polite\" aria-atomic=\"true\"><\/p> <ul><\/ul><\/div>\n<form action=\"\/index.php\/wp-json\/wp\/v2\/pages\/12559#wpcf7-f13068-o1\" method=\"post\" class=\"wpcf7-form init\" aria-label=\"Contact form\" novalidate=\"novalidate\" data-status=\"init\">\n<fieldset class=\"hidden-fields-container\"><input type=\"hidden\" name=\"_wpcf7\" value=\"13068\" \/><input type=\"hidden\" name=\"_wpcf7_version\" value=\"6.1.5\" \/><input type=\"hidden\" name=\"_wpcf7_locale\" value=\"en_US\" \/><input type=\"hidden\" name=\"_wpcf7_unit_tag\" value=\"wpcf7-f13068-o1\" \/><input type=\"hidden\" name=\"_wpcf7_container_post\" value=\"0\" \/><input type=\"hidden\" name=\"_wpcf7_posted_data_hash\" value=\"\" \/><input type=\"hidden\" name=\"_wpcf7_recaptcha_response\" value=\"\" \/>\n<\/fieldset>\n<div class=\"cmsmasters_row_margin cmsmasters_1212\">\n\t<div class=\"cmsmasters_column one_half\">\n\t\t<p><br \/>\n<span class=\"wpcf7-form-control-wrap\" data-name=\"menu-372\"><select class=\"wpcf7-form-control wpcf7-select\" aria-invalid=\"false\" name=\"menu-372\"><option value=\"Hizmet Se\u00e7imi\">Hizmet Se\u00e7imi<\/option><option value=\"T\u0131r Kantar\u0131\">T\u0131r Kantar\u0131<\/option><option value=\"T\u0131r Kantar\u0131 Servis\">T\u0131r Kantar\u0131 Servis<\/option><option value=\"\u00d6zel Yaz\u0131l\u0131m Geli\u015ftirme\">\u00d6zel Yaz\u0131l\u0131m Geli\u015ftirme<\/option><option value=\"DBA Kantar Program\u0131\">DBA Kantar Program\u0131<\/option><option value=\"\u00c7evre Bakanl\u0131\u011f\u0131 Kantar Program\u0131\">\u00c7evre Bakanl\u0131\u011f\u0131 Kantar Program\u0131<\/option><option value=\"Standart Kantar Program\u0131\">Standart Kantar Program\u0131<\/option><option value=\"Online Kantar Program\u0131\">Online Kantar Program\u0131<\/option><option value=\"Luca Entegre Kantar Program\u0131\">Luca Entegre Kantar Program\u0131<\/option><option value=\"U-ETDS Sistemi\">U-ETDS Sistemi<\/option><option value=\"Di\u011fer Yaz\u0131l\u0131mlar\">Di\u011fer Yaz\u0131l\u0131mlar<\/option><option value=\"Ak\u0131ll\u0131 Devriye Tur Kontrol\">Ak\u0131ll\u0131 Devriye Tur Kontrol<\/option><\/select><\/span>\n\t\t<\/p>\n\t\t<p><br \/>\n<span class=\"wpcf7-form-control-wrap\" data-name=\"your-name\"><input size=\"40\" maxlength=\"400\" class=\"wpcf7-form-control wpcf7-text\" aria-invalid=\"false\" placeholder=\"Ad\u0131n\u0131z\" value=\"\" type=\"text\" name=\"your-name\" \/><\/span>\n\t\t<\/p>\n\t\t<p><br \/>\n<span class=\"wpcf7-form-control-wrap\" data-name=\"your-email\"><input size=\"40\" maxlength=\"400\" class=\"wpcf7-form-control wpcf7-text\" aria-invalid=\"false\" placeholder=\"E-mail\" value=\"\" type=\"text\" name=\"your-email\" \/><\/span>\n\t\t<\/p>\n\t<\/div>\n\t<div class=\"cmsmasters_column one_half\">\n\t\t<p><br \/>\n<span class=\"wpcf7-form-control-wrap\" data-name=\"menu-376\"><select class=\"wpcf7-form-control wpcf7-select\" aria-invalid=\"false\" name=\"menu-376\"><option value=\"Konu\">Konu<\/option><option value=\"Fiyat Teklifi\">Fiyat Teklifi<\/option><option value=\"Destek\">Destek<\/option><option value=\"Lisans Yenileme\">Lisans Yenileme<\/option><option value=\"Yeni Kurulum\">Yeni Kurulum<\/option><option value=\"\u00d6neri\">\u00d6neri<\/option><\/select><\/span>\n\t\t<\/p>\n\t\t<p><br \/>\n<span class=\"wpcf7-form-control-wrap\" data-name=\"phone\"><input size=\"40\" maxlength=\"400\" class=\"wpcf7-form-control wpcf7-tel wpcf7-text wpcf7-validates-as-tel\" aria-invalid=\"false\" placeholder=\"Telefon\" value=\"\" type=\"tel\" name=\"phone\" \/><\/span>\n\t\t<\/p>\n\t<\/div>\n<\/div>\n<div class=\"cmsmasters_row_margin cmsmasters_11\">\n\t<div class=\"cmsmasters_column one_first\">\n\t\t<p><br \/>\n<span class=\"wpcf7-form-control-wrap\" data-name=\"your-message\"><textarea cols=\"40\" rows=\"10\" maxlength=\"2000\" class=\"wpcf7-form-control wpcf7-textarea\" aria-invalid=\"false\" placeholder=\"Mesaj\u0131n\u0131z *\" name=\"your-message\"><\/textarea><\/span>\n\t\t<\/p>\n\t<\/div>\n\t<div class=\"cmsmasters_column one_first\">\n\t\t<p><br \/>\n\t\t<span class=\"wpcf7-form-control-wrap recaptcha\" data-name=\"recaptcha\"><span data-sitekey=\"6LcDzgwpAAAAABp9uM2Y5ZmLwl0EfSEuV5Bz23XP\" class=\"wpcf7-form-control wpcf7-recaptcha g-recaptcha\"><\/span>\r\n<noscript>\r\n\t<div class=\"grecaptcha-noscript\">\r\n\t\t<iframe loading=\"lazy\" src=\"https:\/\/www.google.com\/recaptcha\/api\/fallback?k=6LcDzgwpAAAAABp9uM2Y5ZmLwl0EfSEuV5Bz23XP\" frameborder=\"0\" scrolling=\"no\" width=\"310\" height=\"430\">\r\n\t\t<\/iframe>\r\n\t\t<textarea name=\"g-recaptcha-response\" rows=\"3\" cols=\"40\" placeholder=\"reCaptcha Response Here\">\r\n\t\t<\/textarea>\r\n\t<\/div>\r\n<\/noscript>\r\n<\/span>\n\t\t<\/p>\n\t\t<p><input class=\"wpcf7-form-control wpcf7-submit has-spinner\" type=\"submit\" value=\"Formu G\u00f6nder\" \/>\n\t\t<\/p>\n\t<\/div>\n<\/div><div class=\"wpcf7-response-output\" aria-hidden=\"true\"><\/div>\n<\/form>\n<\/div>\n<\/div>\n<\/div><\/div>\n<\/div>\n<\/div>\n<\/div>\n<\/div>\n<\/div>\n\n","protected":false},"excerpt":{"rendered":"","protected":false},"author":1,"featured_media":0,"parent":0,"menu_order":0,"comment_status":"closed","ping_status":"closed","template":"","meta":{"footnotes":""},"class_list":["post-12559","page","type-page","status-publish","hentry"],"_links":{"self":[{"href":"https:\/\/www.elitesistem.com\/index.php\/wp-json\/wp\/v2\/pages\/12559","targetHints":{"allow":["GET"]}}],"collection":[{"href":"https:\/\/www.elitesistem.com\/index.php\/wp-json\/wp\/v2\/pages"}],"about":[{"href":"https:\/\/www.elitesistem.com\/index.php\/wp-json\/wp\/v2\/types\/page"}],"author":[{"embeddable":true,"href":"https:\/\/www.elitesistem.com\/index.php\/wp-json\/wp\/v2\/users\/1"}],"replies":[{"embeddable":true,"href":"https:\/\/www.elitesistem.com\/index.php\/wp-json\/wp\/v2\/comments?post=12559"}],"version-history":[{"count":0,"href":"https:\/\/www.elitesistem.com\/index.php\/wp-json\/wp\/v2\/pages\/12559\/revisions"}],"wp:attachment":[{"href":"https:\/\/www.elitesistem.com\/index.php\/wp-json\/wp\/v2\/media?parent=12559"}],"curies":[{"name":"wp","href":"https:\/\/api.w.org\/{rel}","templated":true}]}}